{"id":18755,"date":"2021-01-25T13:22:19","date_gmt":"2021-01-25T10:22:19","guid":{"rendered":"https:\/\/www.antkalip.com\/?page_id=18755"},"modified":"2024-03-20T10:55:05","modified_gmt":"2024-03-20T07:55:05","slug":"cevre-politikasi","status":"publish","type":"page","link":"https:\/\/www.mg-group.com.tr\/index.php\/cevre-politikasi\/","title":{"rendered":""},"content":{"rendered":"<div class=\"fusion-fullwidth fullwidth-box fusion-builder-row-1 fusion-flex-container nonhundred-percent-fullwidth non-hundred-percent-height-scrolling\" style=\"background-color: #ffffff;background-position: center center;background-repeat: no-repeat;border-width: 0px 0px 0px 0px;border-color:#eae9e9;border-style:solid;\" ><div class=\"fusion-builder-row fusion-row fusion-flex-align-items-flex-start\" style=\"max-width:1144px;margin-left: calc(-4% \/ 2 );margin-right: calc(-4% \/ 2 );\"><div class=\"fusion-layout-column fusion_builder_column fusion-builder-column-0 fusion_builder_column_1_1 1_1 fusion-flex-column\"><div class=\"fusion-column-wrapper fusion-flex-justify-content-flex-start fusion-content-layout-column\" style=\"background-position:left top;background-repeat:no-repeat;-webkit-background-size:cover;-moz-background-size:cover;-o-background-size:cover;background-size:cover;padding: 0px 0px 0px 0px;\"><div class=\"fusion-text fusion-text-1\" style=\"transform:translate3d(0,0,0);\"><h1 style=\"text-align: center;\">\u00c7EVRE POL\u0130T\u0130KASI<\/h1>\n<p><img class=\"lazyload size-full wp-image-18917 aligncenter\" src=\"https:\/\/www.mg-group.com.tr\/wp-content\/uploads\/2024\/03\/CevrePolitikasi-2.png\" data-orig-src=\"https:\/\/www.mg-group.com.tr\/wp-content\/uploads\/2024\/03\/CevrePolitikasi-2.png\" alt=\"\" width=\"1163\" height=\"1467\" srcset=\"data:image\/svg+xml,%3Csvg%20xmlns%3D%27http%3A%2F%2Fwww.w3.org%2F2000%2Fsvg%27%20width%3D%271163%27%20height%3D%271467%27%20viewBox%3D%270%200%201163%201467%27%3E%3Crect%20width%3D%271163%27%20height%3D%2731467%27%20fill-opacity%3D%220%22%2F%3E%3C%2Fsvg%3E\" data-srcset=\"https:\/\/www.mg-group.com.tr\/wp-content\/uploads\/2024\/03\/CevrePolitikasi-2-200x252.png 200w, https:\/\/www.mg-group.com.tr\/wp-content\/uploads\/2024\/03\/CevrePolitikasi-2-238x300.png 238w, https:\/\/www.mg-group.com.tr\/wp-content\/uploads\/2024\/03\/CevrePolitikasi-2-400x505.png 400w, https:\/\/www.mg-group.com.tr\/wp-content\/uploads\/2024\/03\/CevrePolitikasi-2-500x631.png 500w, https:\/\/www.mg-group.com.tr\/wp-content\/uploads\/2024\/03\/CevrePolitikasi-2-600x757.png 600w, https:\/\/www.mg-group.com.tr\/wp-content\/uploads\/2024\/03\/CevrePolitikasi-2-768x969.png 768w, https:\/\/www.mg-group.com.tr\/wp-content\/uploads\/2024\/03\/CevrePolitikasi-2-800x1009.png 800w, https:\/\/www.mg-group.com.tr\/wp-content\/uploads\/2024\/03\/CevrePolitikasi-2-812x1024.png 812w, https:\/\/www.mg-group.com.tr\/wp-content\/uploads\/2024\/03\/CevrePolitikasi-2.png 1163w\" data-sizes=\"auto\" data-orig-sizes=\"(max-width: 1163px) 100vw, 1163px\" \/><\/p>\n<\/div><\/div><\/div><style type=\"text\/css\">.fusion-body .fusion-builder-column-0{width:100% !important;margin-top : 0px;margin-bottom : 0px;}.fusion-builder-column-0 > .fusion-column-wrapper {padding-top : 0px !important;padding-right : 0px !important;margin-right : 1.92%;padding-bottom : 0px !important;padding-left : 0px !important;margin-left : 1.92%;}@media only screen and (max-width:1024px) {.fusion-body .fusion-builder-column-0{width:100% !important;}.fusion-builder-column-0 > .fusion-column-wrapper {margin-right : 1.92%;margin-left : 1.92%;}}@media only screen and (max-width:640px) {.fusion-body .fusion-builder-column-0{width:100% !important;}.fusion-builder-column-0 > .fusion-column-wrapper {margin-right : 1.92%;margin-left : 1.92%;}}<\/style><\/div><style type=\"text\/css\">.fusion-body .fusion-flex-container.fusion-builder-row-1{ padding-top : 0px;margin-top : 0px;padding-right : 0px;padding-bottom : 0px;margin-bottom : 0px;padding-left : 0px;}<\/style><\/div><div class=\"fusion-fullwidth fullwidth-box fusion-builder-row-2 fusion-flex-container nonhundred-percent-fullwidth non-hundred-percent-height-scrolling\" style=\"background-color: #ffffff;background-position: center center;background-repeat: no-repeat;border-width: 0px 0px 0px 0px;border-color:#eae9e9;border-style:solid;\" ><div class=\"fusion-builder-row fusion-row fusion-flex-align-items-flex-start\" style=\"max-width:1144px;margin-left: calc(-4% \/ 2 );margin-right: calc(-4% \/ 2 );\"><div class=\"fusion-layout-column fusion_builder_column fusion-builder-column-1 fusion_builder_column_1_1 1_1 fusion-flex-column\"><div class=\"fusion-column-wrapper fusion-flex-justify-content-flex-start fusion-content-layout-column\" style=\"background-position:left top;background-repeat:no-repeat;-webkit-background-size:cover;-moz-background-size:cover;-o-background-size:cover;background-size:cover;padding: 0px 0px 0px 0px;\"><div class=\"fusion-text fusion-text-2\" style=\"transform:translate3d(0,0,0);\"><div class=\"fusion-fullwidth fullwidth-box fusion-builder-row-2-1 fusion-flex-container nonhundred-percent-fullwidth non-hundred-percent-height-scrolling\" style=\"background-color: #ffffff;background-position: center center;background-repeat: no-repeat;border-width: 0px 0px 0px 0px;border-color:#eae9e9;border-style:solid;\" ><style type=\"text\/css\">.fusion-body .fusion-flex-container.fusion-builder-row-2-1{ padding-top : 0px;margin-top : 0px;padding-right : 0px;padding-bottom : 0px;margin-bottom : 0px;padding-left : 0px;}<\/style><\/div><div class=\"fusion-builder-row fusion-row fusion-flex-align-items-flex-start\" style=\"max-width:1144px;margin-left: calc(-4% \/ 2 );margin-right: calc(-4% \/ 2 );\"><\/div><div class=\"fusion-text fusion-text-2\" style=\"transform:translate3d(0,0,0);\"><\/div>\n<\/div><\/div><\/div><style type=\"text\/css\">.fusion-body .fusion-builder-column-1{width:100% !important;margin-top : 0px;margin-bottom : 0px;}.fusion-builder-column-1 > .fusion-column-wrapper {padding-top : 0px !important;padding-right : 0px !important;margin-right : 1.92%;padding-bottom : 0px !important;padding-left : 0px !important;margin-left : 1.92%;}@media only screen and (max-width:1024px) {.fusion-body .fusion-builder-column-1{width:100% !important;}.fusion-builder-column-1 > .fusion-column-wrapper {margin-right : 1.92%;margin-left : 1.92%;}}@media only screen and (max-width:640px) {.fusion-body .fusion-builder-column-1{width:100% !important;}.fusion-builder-column-1 > .fusion-column-wrapper {margin-right : 1.92%;margin-left : 1.92%;}}<\/style><\/div><style type=\"text\/css\">.fusion-body .fusion-flex-container.fusion-builder-row-2{ padding-top : 0px;margin-top : 0px;padding-right : 0px;padding-bottom : 0px;margin-bottom : 0px;padding-left : 0px;}<\/style><\/div>\n","protected":false},"excerpt":{"rendered":"\u00c7EVRE POL\u0130T\u0130KASI","protected":false},"author":1,"featured_media":0,"parent":0,"menu_order":0,"comment_status":"closed","ping_status":"closed","template":"","meta":[],"_links":{"self":[{"href":"https:\/\/www.mg-group.com.tr\/index.php\/wp-json\/wp\/v2\/pages\/18755"}],"collection":[{"href":"https:\/\/www.mg-group.com.tr\/index.php\/wp-json\/wp\/v2\/pages"}],"about":[{"href":"https:\/\/www.mg-group.com.tr\/index.php\/wp-json\/wp\/v2\/types\/page"}],"author":[{"embeddable":true,"href":"https:\/\/www.mg-group.com.tr\/index.php\/wp-json\/wp\/v2\/users\/1"}],"replies":[{"embeddable":true,"href":"https:\/\/www.mg-group.com.tr\/index.php\/wp-json\/wp\/v2\/comments?post=18755"}],"version-history":[{"count":20,"href":"https:\/\/www.mg-group.com.tr\/index.php\/wp-json\/wp\/v2\/pages\/18755\/revisions"}],"predecessor-version":[{"id":18926,"href":"https:\/\/www.mg-group.com.tr\/index.php\/wp-json\/wp\/v2\/pages\/18755\/revisions\/18926"}],"wp:attachment":[{"href":"https:\/\/www.mg-group.com.tr\/index.php\/wp-json\/wp\/v2\/media?parent=18755"}],"curies":[{"name":"wp","href":"https:\/\/api.w.org\/{rel}","templated":true}]}}