{"id":18690,"date":"2020-12-30T00:50:38","date_gmt":"2020-12-29T22:50:38","guid":{"rendered":"https:\/\/www.antkalip.com\/?page_id=18690"},"modified":"2020-12-30T00:50:38","modified_gmt":"2020-12-29T22:50:38","slug":"internet-aydinlatma-metni","status":"publish","type":"page","link":"https:\/\/www.mg-group.com.tr\/index.php\/internet-aydinlatma-metni\/","title":{"rendered":"\u0130nternet Ayd\u0131nlatma Metni"},"content":{"rendered":"<div class=\"fusion-fullwidth fullwidth-box fusion-builder-row-1 fusion-flex-container nonhundred-percent-fullwidth non-hundred-percent-height-scrolling\" style=\"background-color: #ffffff;background-position: center center;background-repeat: no-repeat;border-width: 0px 0px 0px 0px;border-color:#eae9e9;border-style:solid;\" ><div class=\"fusion-builder-row fusion-row fusion-flex-align-items-flex-start\" style=\"max-width:1144px;margin-left: calc(-4% \/ 2 );margin-right: calc(-4% \/ 2 );\"><div class=\"fusion-layout-column fusion_builder_column fusion-builder-column-0 fusion_builder_column_1_1 1_1 fusion-flex-column\"><div class=\"fusion-column-wrapper fusion-flex-justify-content-flex-start fusion-content-layout-column\" style=\"background-position:left top;background-repeat:no-repeat;-webkit-background-size:cover;-moz-background-size:cover;-o-background-size:cover;background-size:cover;padding: 0px 0px 0px 0px;\"><div class=\"fusion-text fusion-text-1\" style=\"transform:translate3d(0,0,0);\"><p>\u00a0<\/p>\n<p><strong>K\u0130\u015e\u0130SEL VER\u0130LER\u0130N \u0130\u015eLENMES\u0130\u00a0AYDINLATMA METN\u0130<\/strong><\/p>\n<p><strong><br \/>Ant Kal\u0131p San. Ve Tic. A.\u015e. <\/strong>(\u201c\u015eirket\u201d) olarak; ki\u015fisel verilerinizin g\u00fcvenli\u011fi hususuna azami hassasiyet g\u00f6stermekteyiz. Bu bilin\u00e7le, \u015eirket olarak \u00fcr\u00fcn ve hizmetlerimizden faydalanan m\u00fc\u015fterilerimiz, t\u00fcketicilerimiz ve \u00e7al\u0131\u015fanlar\u0131m\u0131z d\u00e2hil \u015eirketimiz ile ili\u015fkili \u015fah\u0131slar\u0131n uhdemizde bulunan ki\u015fisel verilerinin T\u00fcrkiye Cumhuriyeti Anayasas\u0131 ve insan haklar\u0131na ili\u015fkin \u00fclkemizin taraf\u0131 oldu\u011fu uluslararas\u0131 s\u00f6zle\u015fmeler ile 6698 say\u0131l\u0131 Ki\u015fisel Verilerin Korunmas\u0131 Kanunu (\u201cKVKK\u201d) ba\u015fta olmak \u00fczere ilgili mevzuata uygun olarak i\u015flenerek, muhafaza edilmesine b\u00fcy\u00fck \u00f6nem atfetmekteyiz.<\/p>\n<p>Bu kapsamda, KVK Kanunu\u2019nda tan\u0131ml\u0131 \u015fekli ile \u201cVeri Sorumlusu\u201d s\u0131fat\u0131yla, sizleri ayd\u0131nlatmak istiyoruz.<\/p>\n<p>Bu sorumlulu\u011fumuzun tam idraki ile ki\u015fisel verilerinizi a\u015fa\u011f\u0131da izah edildi\u011fi surette ve mevzuat taraf\u0131ndan emredilen s\u0131n\u0131rlar \u00e7er\u00e7evesinde i\u015flemekteyiz.<\/p>\n<p>\u015eirketimiz ile m\u00fc\u015fteri, tedarik\u00e7i, \u00e7\u00f6z\u00fcm ortaklar\u0131m\u0131z veya \u00e7al\u0131\u015fan s\u0131fat\u0131 ile payla\u015ft\u0131\u011f\u0131n\u0131z ki\u015fisel verileriniz KVKK \u2019ya uygun \u015fekilde, faaliyet ve hizmet ama\u00e7lar\u0131m\u0131z ile ba\u011flant\u0131l\u0131 ve \u00f6l\u00e7\u00fcl\u00fc olarak i\u015flenebilecek, yurti\u00e7i ve yurtd\u0131\u015f\u0131ndaki \u00fc\u00e7\u00fcnc\u00fc ki\u015filere aktar\u0131labilecek, saklanacak, profilleme i\u00e7in kullan\u0131labilecek ve s\u0131n\u0131fland\u0131r\u0131labilecektir.<\/p>\n<ol>\n<li><strong> Ki\u015fisel Verilerin Toplanmas\u0131, \u0130\u015flenmesi ve \u0130\u015fleme Ama\u00e7lar\u0131<\/strong><\/li>\n<\/ol>\n<p>Ki\u015fisel verileriniz, \u015eirketimiz taraf\u0131ndan sa\u011flanan hizmet ve \u015eirketimizin ticari faaliyetlerine ba\u011fl\u0131 olarak de\u011fi\u015fkenlik g\u00f6sterebilmekle birlikte; otomatik ya da otomatik olmayan y\u00f6ntemlerle, \u015eirketimiz birimleri, internet sitesi, sosyal medya mecralar\u0131 ve benzeri vas\u0131talarla s\u00f6zl\u00fc, yaz\u0131l\u0131 ya da elektronik olarak toplanabilecektir. \u015eirketimizin sundu\u011fu \u00fcr\u00fcn ve hizmetlerden yararland\u0131\u011f\u0131n\u0131z m\u00fcddet\u00e7e olu\u015fturularak ve g\u00fcncellenerek ki\u015fisel verileriniz i\u015flenebilecektir.<\/p>\n<p>Ayr\u0131ca, \u015eirketin hizmetlerini kullanmak amac\u0131yla \u00e7a\u011fr\u0131 merkezlerimizi veya internet sayfam\u0131z\u0131 kulland\u0131\u011f\u0131n\u0131zda, \u015eirketimizi veya internet sitemizi ziyaret etti\u011finizde, \u015eirketimizin d\u00fczenledi\u011fi e\u011fitim, seminer veya organizasyonlara kat\u0131ld\u0131\u011f\u0131n\u0131zda ki\u015fisel verileriniz i\u015flenebilecektir.<\/p>\n<p>Toplanan ki\u015fisel verileriniz;<\/p>\n<ul>\n<li>\u015eirketimiz taraf\u0131ndan sunulan \u00fcr\u00fcn ve hizmetlerden sizleri faydaland\u0131rmak, sunulan \u00fcr\u00fcn ve hizmetlerin sizlerin be\u011feni, kullan\u0131m al\u0131\u015fkanl\u0131klar\u0131 ve ihtiya\u00e7lar\u0131n\u0131z\u0131 anlayarak, isteklerinize daha h\u0131zl\u0131 cevap verebilmek ve sizlerle olan ileti\u015fimimizi geli\u015ftirerek sizlere daha iyi hizmet vermek ve daha ki\u015fisel \u00fcr\u00fcn, hizmet ve teklif sunabilmek, bunlar\u0131 yapabilmek i\u00e7in analiz yapmak, sizleri \u00fcr\u00fcn ve hizmetlerimiz hakk\u0131nda bilgilendirebilmek, \u00fcr\u00fcn ve hizmetlerimiz hakk\u0131nda memnuniyetinizi \u00f6l\u00e7mek, istekleriniz ve ihtiya\u00e7lar\u0131n\u0131z do\u011frultusunda \u00fcr\u00fcn ve hizmetlerimizi geli\u015ftirmek ve \u00e7e\u015fitlendirmek,<\/li>\n<\/ul>\n<ul>\n<li>\u015eirketimizin, i\u015f ili\u015fkisi i\u00e7erisinde olan ki\u015filerin hukuki ve ticari g\u00fcvenli\u011finin temini <em>(\u015eirketimiz taraf\u0131ndan y\u00fcr\u00fct\u00fclen ileti\u015fime y\u00f6nelik idari operasyonlar, \u015eirkete ait lokasyonlar\u0131n fiziksel g\u00fcvenli\u011fini ve denetimini sa\u011flamak, \u015eirket m\u00fc\u015fterileri de\u011ferlendirme \/ \u015fik\u00e2yet y\u00f6netimi s\u00fcre\u00e7leri, itibar ara\u015ft\u0131rma s\u00fcre\u00e7leri, etkinlik y\u00f6netimi, hukuki uyum s\u00fcreci, denetim, mali i\u015fler v.b.),<\/em><\/li>\n<\/ul>\n<ul>\n<li>\u015eirketimizin ticari ve i\u015f stratejilerinin belirlenmesi ve uygulanmas\u0131<\/li>\n<\/ul>\n<ul>\n<li>\u015eirketimizin insan kaynaklar\u0131 politikalar\u0131n\u0131n y\u00fcr\u00fct\u00fclmesinin temini amac\u0131yla da; \u00e7al\u0131\u015fanlar\u0131m\u0131z\u0131n verileri, \u0130\u015f Kanunu ve \u00e7al\u0131\u015fma ve sosyal g\u00fcvenlik mevzuat\u0131 ile y\u00fcr\u00fcrl\u00fckte olan di\u011fer mevzuat\u0131n \u00f6ng\u00f6rd\u00fc\u011f\u00fc zorunluluklar\u0131n yan\u0131 s\u0131ra performans d\u00fczeyini ve \u00e7al\u0131\u015fan memnuniyetini artt\u0131rmak ve i\u015f g\u00fcvenli\u011fi ve i\u015f bar\u0131\u015f\u0131n\u0131n sa\u011flanmas\u0131 ama\u00e7lar\u0131yla KVK Kanunu\u2019nun a\u015fa\u011f\u0131da a\u00e7\u0131k\u00e7a bildirilen 5. ve 6. maddelerinde belirtilen;<\/li>\n<\/ul>\n<p>MADDE 5- Ki\u015fisel verilerin i\u015flenme \u015fartlar\u0131<\/p>\n<p>(1) Ki\u015fisel veriler ilgili ki\u015finin a\u00e7\u0131k r\u0131zas\u0131 olmaks\u0131z\u0131n i\u015flenemez.<\/p>\n<p>(2) A\u015fa\u011f\u0131daki \u015fartlardan birinin varl\u0131\u011f\u0131 h\u00e2linde, ilgili ki\u015finin a\u00e7\u0131k r\u0131zas\u0131 aranmaks\u0131z\u0131n ki\u015fisel verilerinin i\u015flenmesi m\u00fcmk\u00fcnd\u00fcr:<\/p>\n<ol>\n<li>Kanunlarda a\u00e7\u0131k\u00e7a \u00f6ng\u00f6r\u00fclmesi.<\/li>\n<li>Fiili imk\u00e2ns\u0131zl\u0131k nedeniyle r\u0131zas\u0131n\u0131 a\u00e7\u0131klayamayacak durumda bulunan veya r\u0131zas\u0131na hukuki ge\u00e7erlilik tan\u0131nmayan ki\u015finin kendisinin ya da bir ba\u015fkas\u0131n\u0131n hayat\u0131 veya beden b\u00fct\u00fcnl\u00fc\u011f\u00fcn\u00fcn korunmas\u0131 i\u00e7in zorunlu olmas\u0131.<\/li>\n<li>Bir s\u00f6zle\u015fmenin kurulmas\u0131 veya ifas\u0131yla do\u011frudan do\u011fruya ilgili olmas\u0131 kayd\u0131yla, s\u00f6zle\u015fmenin taraflar\u0131na ait ki\u015fisel verilerin i\u015flenmesinin gerekli olmas\u0131.<\/li>\n<li>Veri sorumlusunun hukuki y\u00fck\u00fcml\u00fcl\u00fc\u011f\u00fcn\u00fc yerine getirebilmesi i\u00e7in zorunlu olmas\u0131.<\/li>\n<li>\u0130lgili ki\u015finin kendisi taraf\u0131ndan alenile\u015ftirilmi\u015f olmas\u0131.<\/li>\n<li>Bir hakk\u0131n tesisi, kullan\u0131lmas\u0131 veya korunmas\u0131 i\u00e7in veri i\u015flemenin zorunlu olmas\u0131.<\/li>\n<li>\u0130lgili ki\u015finin temel hak ve \u00f6zg\u00fcrl\u00fcklerine zarar vermemek kayd\u0131yla, veri sorumlusunun me\u015fru menfaatleri i\u00e7in veri i\u015flenmesinin zorunlu olmas\u0131.<\/li>\n<\/ol>\n<p>MADDE 6- \u00d6zel nitelikli ki\u015fisel verilerin i\u015flenme \u015fartlar\u0131<\/p>\n<p>(1) Ki\u015filerin \u0131rk\u0131, etnik k\u00f6keni, siyasi d\u00fc\u015f\u00fcncesi, felsefi inanc\u0131, dini, mezhebi veya di\u011fer inan\u00e7lar\u0131, k\u0131l\u0131k ve k\u0131yafeti, dernek, vak\u0131f ya da sendika \u00fcyeli\u011fi, sa\u011fl\u0131\u011f\u0131, cinsel hayat\u0131, ceza mahk\u00fbmiyeti ve g\u00fcvenlik tedbirleriyle ilgili verileri ile biyometrik ve genetik verileri \u00f6zel nitelikli ki\u015fisel veridir.<\/p>\n<p>(2) \u00d6zel nitelikli ki\u015fisel verilerin, ilgilinin a\u00e7\u0131k r\u0131zas\u0131 olmaks\u0131z\u0131n i\u015flenmesi yasakt\u0131r.<\/p>\n<p>(3) Birinci f\u0131krada say\u0131lan sa\u011fl\u0131k ve cinsel hayat d\u0131\u015f\u0131ndaki ki\u015fisel veriler, kanunlarda \u00f6ng\u00f6r\u00fclen h\u00e2llerde ilgili ki\u015finin a\u00e7\u0131k r\u0131zas\u0131 aranmaks\u0131z\u0131n i\u015flenebilir. Sa\u011fl\u0131k ve cinsel hayata ili\u015fkin ki\u015fisel veriler ise ancak kamu sa\u011fl\u0131\u011f\u0131n\u0131n korunmas\u0131, koruyucu hekimlik, t\u0131bb\u00ee te\u015fhis, tedavi ve bak\u0131m hizmetlerinin y\u00fcr\u00fct\u00fclmesi, sa\u011fl\u0131k hizmetleri ile finansman\u0131n\u0131n planlanmas\u0131 ve y\u00f6netimi amac\u0131yla, s\u0131r saklama y\u00fck\u00fcml\u00fcl\u00fc\u011f\u00fc alt\u0131nda bulunan ki\u015filer veya yetkili kurum ve kurulu\u015flar taraf\u0131ndan ilgilinin a\u00e7\u0131k r\u0131zas\u0131 aranmaks\u0131z\u0131n i\u015flenebilir.<\/p>\n<p>(4) \u00d6zel nitelikli ki\u015fisel verilerin i\u015flenmesinde, ayr\u0131ca Kurul taraf\u0131ndan belirlenen yeterli \u00f6nlemlerin al\u0131nmas\u0131 \u015fartt\u0131r.<\/p>\n<p>Kapsam d\u00e2hilinde, ki\u015fisel veri i\u015fleme \u015fartlar\u0131 ve ama\u00e7lar\u0131 d\u00e2hilinde,<\/p>\n<ul>\n<li>Hukuka ve d\u00fcr\u00fcstl\u00fck kural\u0131n\u0131n \u00f6ng\u00f6rd\u00fc\u011f\u00fc bi\u00e7imde,<\/li>\n<li>\u0130\u015flenme ama\u00e7lar\u0131 ile ba\u011flant\u0131l\u0131, s\u0131n\u0131rl\u0131 ve \u00f6l\u00e7\u00fcl\u00fc olarak,<\/li>\n<li>Do\u011fru ve g\u00fcncel olarak,<\/li>\n<li>Belirli a\u00e7\u0131k ve me\u015fru ama\u00e7lar ile \u0130\u015flenecektir.<\/li>\n<\/ul>\n<ol start=\"2\">\n<li><strong>\u0130\u015flenen Ki\u015fisel Verilerin Kimlere ve Hangi Ama\u00e7la Aktar\u0131labilece\u011fi<\/strong><\/li>\n<\/ol>\n<p>Toplanan ve i\u015flenen ki\u015fisel verileriniz; bu dok\u00fcman\u0131n 1. maddesinde s\u0131ralanan ama\u00e7larla, KVKK ve y\u00fcr\u00fcrl\u00fckte olan mevzuata uygun olarak, ba\u011fl\u0131 ortakl\u0131k ve i\u015ftiraklerimiz ile payla\u015f\u0131labilece\u011fi gibi, say\u0131lanlar ile s\u0131n\u0131rl\u0131 olmamak \u00fczere; i\u015f ortaklar\u0131m\u0131z, i\u015f ba\u011flant\u0131lar\u0131m\u0131z, alt y\u00fcklenicilerimiz, tedarik\u00e7ilerimiz, \u015firket yetkilileri ve hissedarlar\u0131m\u0131z ile sundu\u011fumuz hizmetin amac\u0131 do\u011frultusunda ya da d\u00fczenleyici denetleyici kurumlar ve resmi mercilerle ilgili mevzuat\u0131n \u00f6ng\u00f6rd\u00fc\u011f\u00fc durumlarda, KVK Kanunu\u2019nun 8. ve 9. maddelerinde belirtilen ki\u015fisel veri i\u015fleme \u015fartlar\u0131 ve ama\u00e7lar\u0131 \u00e7er\u00e7evesinde, yurti\u00e7ine aktar\u0131labilecektir.<\/p>\n<ol start=\"3\">\n<li><strong> Ki\u015fisel Veri Toplaman\u0131n Y\u00f6ntemi ve Hukuki Sebebi<\/strong><\/li>\n<\/ol>\n<p>Ki\u015fisel verileriniz, her t\u00fcrl\u00fc s\u00f6zl\u00fc, yaz\u0131l\u0131 ya da elektronik ortamda, yukar\u0131da yer verilen ama\u00e7lar do\u011frultusunda \u015eirket\u00e7e sundu\u011fumuz \u00fcr\u00fcn ve hizmetlerin belirlenen yasal \u00e7er\u00e7evede sunulabilmesi ve bu kapsamda \u015eirketimizin s\u00f6zle\u015fme ve yasadan do\u011fan mesuliyetlerini eksiksiz ve do\u011fru bir \u015fekilde yerine getirebilmesi gayesi ile edinilir.<\/p>\n<p>Ki\u015fisel verileriniz, \u015eirketimiz veya \u015eirketimiz ad\u0131na veri i\u015fleyen ger\u00e7ek ya da t\u00fczel ki\u015filer taraf\u0131ndan say\u0131lanlarla s\u0131n\u0131rl\u0131 olmamak \u00fczere, internet sitesi, muhtelif s\u00f6zle\u015fmeler, elektronik posta, ba\u015fvuru formlar\u0131 gibi ara\u00e7lar \u00fczerinden, \u015eirketimiz ile yap\u0131lan yaz\u0131l\u0131 veya s\u00f6zl\u00fc ileti\u015fimler vb. kanallar arac\u0131l\u0131\u011f\u0131yla s\u00f6zl\u00fc, yaz\u0131l\u0131 veya elektronik ortamda toplanmaktad\u0131r<\/p>\n<p>Bu ama\u00e7 ve hukuki sebeplerle toplanan ki\u015fisel verileriniz KVK Kanunu\u2019nun 5. ve 6. maddelerinde belirtilen ki\u015fisel veri i\u015fleme \u015fartlar\u0131 ve ama\u00e7lar\u0131 kapsam\u0131nda bu metnin (1) ve (2) numaral\u0131 maddelerinde belirtilen ama\u00e7larla da i\u015flenebilmekte ve aktar\u0131labilmektedir.<\/p>\n<ol start=\"4\">\n<li><strong> Ki\u015fisel Veri Sahibinin KVK Kanunu\u2019nun 11. maddesinde Say\u0131lan Haklar\u0131<\/strong><\/li>\n<\/ol>\n<p>Ki\u015fisel veri sahipleri olarak, haklar\u0131n\u0131za ili\u015fkin taleplerinizi, i\u015fbu Ayd\u0131nlatma Metnin \u2019de a\u015fa\u011f\u0131da d\u00fczenlenen y\u00f6ntemlerle \u015eirketimize iletmeniz durumunda \u015eirketimiz talebin niteli\u011fine g\u00f6re talebi en ge\u00e7 otuz g\u00fcn i\u00e7inde \u00fccretsiz olarak sonu\u00e7land\u0131racakt\u0131r. Ancak, Ki\u015fisel Verileri Koruma Kurulunca bir \u00fccret \u00f6ng\u00f6r\u00fclmesi halinde, \u015eirketimiz taraf\u0131ndan belirlenen tarifedeki \u00fccret al\u0131nacakt\u0131r.<\/p>\n<p>Bu kapsamda ki\u015fisel veri sahipleri;<\/p>\n<ul>\n<li>Ki\u015fisel veri i\u015flenip i\u015flenmedi\u011fini \u00f6\u011frenme,<\/li>\n<li>Ki\u015fisel verileri i\u015flenmi\u015fse buna ili\u015fkin bilgi talep etme,<\/li>\n<li>Ki\u015fisel verilerin i\u015flenme amac\u0131n\u0131 ve bunlar\u0131n amac\u0131na uygun kullan\u0131l\u0131p kullan\u0131lmad\u0131\u011f\u0131n\u0131 \u00f6\u011frenme,<\/li>\n<li>Yurt i\u00e7inde veya yurt d\u0131\u015f\u0131nda ki\u015fisel verilerin aktar\u0131ld\u0131\u011f\u0131 \u00fc\u00e7\u00fcnc\u00fc ki\u015fileri bilme,<\/li>\n<li>Ki\u015fisel verilerin eksik veya yanl\u0131\u015f i\u015flenmi\u015f olmas\u0131 h\u00e2linde bunlar\u0131n d\u00fczeltilmesini isteme ve bu kapsamda yap\u0131lan i\u015flemin ki\u015fisel verilerin aktar\u0131ld\u0131\u011f\u0131 \u00fc\u00e7\u00fcnc\u00fc ki\u015filere bildirilmesini isteme,<\/li>\n<li>KVK Kanunu\u2019nun ve ilgili di\u011fer kanun h\u00fck\u00fcmlerine uygun olarak i\u015flenmi\u015f olmas\u0131na ra\u011fmen, i\u015flenmesini gerektiren sebeplerin ortadan kalkmas\u0131 h\u00e2linde ki\u015fisel verilerin silinmesini veya yok edilmesini isteme ve bu kapsamda yap\u0131lan i\u015flemin ki\u015fisel verilerin aktar\u0131ld\u0131\u011f\u0131 \u00fc\u00e7\u00fcnc\u00fc ki\u015filere bildirilmesini isteme,<\/li>\n<li>\u0130\u015flenen verilerin m\u00fcnhas\u0131ran otomatik sistemler vas\u0131tas\u0131yla analiz edilmesi suretiyle ki\u015finin kendisi aleyhine bir sonucun ortaya \u00e7\u0131kmas\u0131na itiraz etme,<\/li>\n<li>Ki\u015fisel verilerin kanuna ayk\u0131r\u0131 olarak i\u015flenmesi sebebiyle zarara u\u011framas\u0131 h\u00e2linde zarar\u0131n giderilmesini talep etme haklar\u0131na sahiptir.\n<p>KVK Kanunu\u2019nun 13. maddesinin 1. f\u0131kras\u0131 gere\u011fince, yukar\u0131da belirtilen haklar\u0131n\u0131z\u0131 kullanmak ile ilgili talebinizi, yaz\u0131l\u0131 veya Ki\u015fisel Verileri Koruma Kurulu taraf\u0131ndan ayr\u0131 bir y\u00f6ntem belirlenmesi halinde bu y\u00f6nteme uygun olarak \u015eirketimize iletebilirsiniz.<\/li>\n<\/ul>\n<p>Ki\u015fisel veri sahibi olarak sahip oldu\u011funuz ve yukar\u0131da belirtilen haklar\u0131n\u0131z\u0131 kullanmak i\u00e7in yapaca\u011f\u0131n\u0131z ve kullanmay\u0131 talep etti\u011finiz hakka ili\u015fkin a\u00e7\u0131klamalar\u0131n\u0131z\u0131 i\u00e7eren bu ba\u015fvuruda; talep etti\u011finiz hususun a\u00e7\u0131k ve anla\u015f\u0131l\u0131r olmas\u0131, talep etti\u011finiz konunun \u015fahs\u0131n\u0131z ile ilgili olmas\u0131 veya ba\u015fkas\u0131 ad\u0131na hareket ediyor iseniz bu konuda \u00f6zel olarak yetkili olman\u0131z ve yetkinizi belgelendirilmesi, ayr\u0131ca kimlik ve adres bilgilerini i\u00e7ermesi ve ba\u015fvuruya kimli\u011finizi tevsik edici belgelerin eklenmesi gerekti\u011fini \u00f6nemine binaen hat\u0131rlat\u0131r\u0131z.<\/p>\n<p>T\u00fcm bu \u00e7er\u00e7evede \u015eirketimize KVK Kanunu\u2019nun 11. maddesi kapsam\u0131nda yapaca\u011f\u0131n\u0131z ba\u015fvurularda yaz\u0131l\u0131 olarak ba\u015fvurunuzu iletece\u011finiz kanallar ve usuller a\u015fa\u011f\u0131da a\u00e7\u0131klanmaktad\u0131r. \u0130\u015flenen t\u00fcm verilerin kayd\u0131na VERB\u0130S arac\u0131l\u0131\u011f\u0131 ile ula\u015fabilirsiniz.<\/p>\n<p>Yukar\u0131da belirtilen haklar\u0131n\u0131z\u0131 kullanmak i\u00e7in kimli\u011finizi tespit edici gerekli bilgiler ile KVK Kanunu\u2019nun 11. maddesinde belirtilen haklardan kullanmay\u0131 talep etti\u011finiz hakk\u0131n\u0131za y\u00f6nelik a\u00e7\u0131klamalar\u0131n\u0131z\u0131 i\u00e7eren talebinizi; www.mg-group.com.tr adresindeki (\u201cK\u0130\u015e\u0130SEL VER\u0130 SAH\u0130B\u0130 BA\u015eVURU FORMU\u201d) \u2018nu formun giri\u015finde yer alan bilgilendirme metnine uygun doldurarak, formun imzal\u0131 bir n\u00fcshas\u0131n\u0131<strong> ANT KALIP SAN. VE T\u0130C. A.\u015e.<\/strong> adresine kimli\u011finizi tespit edici belgeler ile bizzat elden iletebilir, noter kanal\u0131yla veya KVK Kanunu\u2019nda belirtilen di\u011fer y\u00f6ntemler ile g\u00f6nderebilir veya ilgili formu\u00a0info@mg-group.com.tr\u00a0adresine iletebilirsiniz.<\/p>\n<\/div><\/div><\/div><style type=\"text\/css\">.fusion-body .fusion-builder-column-0{width:100% !important;margin-top : 0px;margin-bottom : 20px;}.fusion-builder-column-0 > .fusion-column-wrapper {padding-top : 0px !important;padding-right : 0px !important;margin-right : 1.92%;padding-bottom : 0px !important;padding-left : 0px !important;margin-left : 1.92%;}@media only screen and (max-width:1024px) {.fusion-body .fusion-builder-column-0{width:100% !important;order : 0;}.fusion-builder-column-0 > .fusion-column-wrapper {margin-right : 1.92%;margin-left : 1.92%;}}@media only screen and (max-width:640px) {.fusion-body .fusion-builder-column-0{width:100% !important;order : 0;}.fusion-builder-column-0 > .fusion-column-wrapper {margin-right : 1.92%;margin-left : 1.92%;}}<\/style><\/div><style type=\"text\/css\">.fusion-body .fusion-flex-container.fusion-builder-row-1{ padding-top : 0px;margin-top : 0px;padding-right : 0px;padding-bottom : 0px;margin-bottom : 0px;padding-left : 0px;}<\/style><\/div>\n","protected":false},"excerpt":{"rendered":"\u00a0 K\u0130\u015e\u0130SEL VER\u0130LER\u0130N \u0130\u015eLENMES\u0130\u00a0AYDINLATMA METN\u0130 Ant Kal\u0131p San. Ve Tic. A.\u015e. (\u201c\u015eirket\u201d) olarak; ki\u015fisel verilerinizin g\u00fcvenli\u011fi hususuna azami hassasiyet g\u00f6stermekteyiz. Bu bilin\u00e7le, \u015eirket olarak \u00fcr\u00fcn ve hizmetlerimizden faydalanan m\u00fc\u015fterilerimiz, t\u00fcketicilerimiz ve \u00e7al\u0131\u015fanlar\u0131m\u0131z d\u00e2hil \u015eirketimiz ile ili\u015fkili \u015fah\u0131slar\u0131n uhdemizde bulunan ki\u015fisel verilerinin T\u00fcrkiye Cumhuriyeti Anayasas\u0131 ve insan haklar\u0131na ili\u015fkin \u00fclkemizin taraf\u0131 oldu\u011fu uluslararas\u0131 s\u00f6zle\u015fmeler ile 6698 [...]","protected":false},"author":1,"featured_media":0,"parent":0,"menu_order":0,"comment_status":"closed","ping_status":"closed","template":"","meta":[],"_links":{"self":[{"href":"https:\/\/www.mg-group.com.tr\/index.php\/wp-json\/wp\/v2\/pages\/18690"}],"collection":[{"href":"https:\/\/www.mg-group.com.tr\/index.php\/wp-json\/wp\/v2\/pages"}],"about":[{"href":"https:\/\/www.mg-group.com.tr\/index.php\/wp-json\/wp\/v2\/types\/page"}],"author":[{"embeddable":true,"href":"https:\/\/www.mg-group.com.tr\/index.php\/wp-json\/wp\/v2\/users\/1"}],"replies":[{"embeddable":true,"href":"https:\/\/www.mg-group.com.tr\/index.php\/wp-json\/wp\/v2\/comments?post=18690"}],"version-history":[{"count":1,"href":"https:\/\/www.mg-group.com.tr\/index.php\/wp-json\/wp\/v2\/pages\/18690\/revisions"}],"predecessor-version":[{"id":18691,"href":"https:\/\/www.mg-group.com.tr\/index.php\/wp-json\/wp\/v2\/pages\/18690\/revisions\/18691"}],"wp:attachment":[{"href":"https:\/\/www.mg-group.com.tr\/index.php\/wp-json\/wp\/v2\/media?parent=18690"}],"curies":[{"name":"wp","href":"https:\/\/api.w.org\/{rel}","templated":true}]}}