{"id":18666,"date":"2020-12-29T23:56:09","date_gmt":"2020-12-29T21:56:09","guid":{"rendered":"https:\/\/www.antkalip.com\/index.php\/information-society-services\/"},"modified":"2020-12-30T00:28:58","modified_gmt":"2020-12-29T22:28:58","slug":"information-society-services","status":"publish","type":"page","link":"https:\/\/www.mg-group.com.tr\/index.php\/information-society-services\/","title":{"rendered":"B\u0130LG\u0130 TOPLUMU H\u0130ZMETLER\u0130"},"content":{"rendered":"<div class=\"fusion-fullwidth fullwidth-box fusion-builder-row-1 fusion-flex-container nonhundred-percent-fullwidth non-hundred-percent-height-scrolling\" style=\"background-color: #ffffff;background-position: center center;background-repeat: no-repeat;border-width: 0px 0px 0px 0px;border-color:#eae9e9;border-style:solid;\" ><div class=\"fusion-builder-row fusion-row fusion-flex-align-items-flex-start\" style=\"max-width:1144px;margin-left: calc(-4% \/ 2 );margin-right: calc(-4% \/ 2 );\"><div class=\"fusion-layout-column fusion_builder_column fusion-builder-column-0 fusion_builder_column_1_1 1_1 fusion-flex-column\"><div class=\"fusion-column-wrapper fusion-flex-justify-content-flex-start fusion-content-layout-column\" style=\"background-position:left top;background-repeat:no-repeat;-webkit-background-size:cover;-moz-background-size:cover;-o-background-size:cover;background-size:cover;padding: 0px 0px 0px 0px;\"><div class=\"fusion-blog-shortcode fusion-blog-shortcode-1 fusion-blog-archive fusion-blog-layout-large fusion-blog-pagination fusion-blog-no-images\"><div class=\"fusion-posts-container fusion-posts-container-pagination fusion-no-meta-info\" data-pages=\"1\"><article id=\"blog-1-post-18657\" class=\"fusion-post-large post-18657 post type-post status-publish format-standard hentry category-bilgi-toplumu-hizmetleri\">\n<div class=\"fusion-post-content post-content\"><h2 class=\"blog-shortcode-post-title entry-title\"><a href=\"https:\/\/www.mg-group.com.tr\/index.php\/2020\/12\/29\/ant-kalip-legal-memo-re-obligation-to-use-website-en-211220\/\">Ant Kalip-Legal Memo re Obligation to use Website-TR-211220<\/a><\/h2><\/div><div class=\"fusion-clearfix\"><\/div><\/article>\n<\/div><\/div><\/div><\/div><style type=\"text\/css\">.fusion-body .fusion-builder-column-0{width:100% !important;margin-top : 0px;margin-bottom : 20px;}.fusion-builder-column-0 > .fusion-column-wrapper {padding-top : 0px !important;padding-right : 0px !important;margin-right : 1.92%;padding-bottom : 0px !important;padding-left : 0px !important;margin-left : 1.92%;}@media only screen and (max-width:1024px) {.fusion-body .fusion-builder-column-0{width:100% !important;order : 0;}.fusion-builder-column-0 > .fusion-column-wrapper {margin-right : 1.92%;margin-left : 1.92%;}}@media only screen and (max-width:640px) {.fusion-body .fusion-builder-column-0{width:100% !important;order : 0;}.fusion-builder-column-0 > .fusion-column-wrapper {margin-right : 1.92%;margin-left : 1.92%;}}<\/style><\/div><style type=\"text\/css\">.fusion-body .fusion-flex-container.fusion-builder-row-1{ padding-top : 0px;margin-top : 0px;padding-right : 0px;padding-bottom : 0px;margin-bottom : 0px;padding-left : 0px;}<\/style><\/div>\n","protected":false},"excerpt":{"rendered":"Ant Kal\u0131p Sanayi ve Ticaret Anonim \u015eirketi Y\u00f6netim Kurulu\u2019na 21 Aral\u0131k 2020 Say\u0131n \u0130lgililer, i\u015fbu hukuki bilgi notu ba\u011f\u0131ms\u0131z denetime tabi \u015firketlerin internet sitesi kurma zorunlulu\u011funun kapsam\u0131n\u0131 ve bu ba\u011flamda \u015firketlere getirilen y\u00fck\u00fcml\u00fcl\u00fckleri a\u00e7\u0131klamak amac\u0131 ile haz\u0131rlanm\u0131\u015ft\u0131r. Bilindi\u011fi \u00fczere; 1 Temmuz 2012 tarihinde y\u00fcr\u00fcrl\u00fc\u011fe giren 6102 say\u0131l\u0131 yeni T\u00fcrk Ticaret Kanunu (\u201cKanun\u201d) ve Sermaye \u015eirketlerinin [...]","protected":false},"author":1,"featured_media":0,"parent":0,"menu_order":0,"comment_status":"closed","ping_status":"closed","template":"","meta":[],"_links":{"self":[{"href":"https:\/\/www.mg-group.com.tr\/index.php\/wp-json\/wp\/v2\/pages\/18666"}],"collection":[{"href":"https:\/\/www.mg-group.com.tr\/index.php\/wp-json\/wp\/v2\/pages"}],"about":[{"href":"https:\/\/www.mg-group.com.tr\/index.php\/wp-json\/wp\/v2\/types\/page"}],"author":[{"embeddable":true,"href":"https:\/\/www.mg-group.com.tr\/index.php\/wp-json\/wp\/v2\/users\/1"}],"replies":[{"embeddable":true,"href":"https:\/\/www.mg-group.com.tr\/index.php\/wp-json\/wp\/v2\/comments?post=18666"}],"version-history":[{"count":10,"href":"https:\/\/www.mg-group.com.tr\/index.php\/wp-json\/wp\/v2\/pages\/18666\/revisions"}],"predecessor-version":[{"id":18678,"href":"https:\/\/www.mg-group.com.tr\/index.php\/wp-json\/wp\/v2\/pages\/18666\/revisions\/18678"}],"wp:attachment":[{"href":"https:\/\/www.mg-group.com.tr\/index.php\/wp-json\/wp\/v2\/media?parent=18666"}],"curies":[{"name":"wp","href":"https:\/\/api.w.org\/{rel}","templated":true}]}}