{"id":18530,"date":"2020-12-24T00:37:22","date_gmt":"2020-12-23T22:37:22","guid":{"rendered":"https:\/\/www.antkalip.com\/?page_id=18530"},"modified":"2020-12-30T12:33:11","modified_gmt":"2020-12-30T10:33:11","slug":"gizlilik-politikasi","status":"publish","type":"page","link":"https:\/\/www.mg-group.com.tr\/index.php\/gizlilik-politikasi\/","title":{"rendered":"Gizlilik S\u00f6zle\u015fmesi"},"content":{"rendered":"<div class=\"fusion-fullwidth fullwidth-box fusion-builder-row-1 fusion-flex-container nonhundred-percent-fullwidth non-hundred-percent-height-scrolling\" style=\"background-color: #ffffff;background-position: center center;background-repeat: no-repeat;border-width: 0px 0px 0px 0px;border-color:#eae9e9;border-style:solid;\" ><div class=\"fusion-builder-row fusion-row fusion-flex-align-items-flex-start\" style=\"max-width:1144px;margin-left: calc(-4% \/ 2 );margin-right: calc(-4% \/ 2 );\"><div class=\"fusion-layout-column fusion_builder_column fusion-builder-column-0 fusion_builder_column_1_1 1_1 fusion-flex-column\"><div class=\"fusion-column-wrapper fusion-flex-justify-content-flex-start fusion-content-layout-column\" style=\"background-position:left top;background-repeat:no-repeat;-webkit-background-size:cover;-moz-background-size:cover;-o-background-size:cover;background-size:cover;padding: 0px 0px 0px 0px;\"><div class=\"fusion-text fusion-text-1\" style=\"transform:translate3d(0,0,0);\"><p><strong>K\u0130\u015e\u0130SEL VER\u0130LER\u0130N KORUNMASINA \u0130L\u0130\u015eK\u0130N G\u0130ZL\u0130L\u0130K S\u00d6ZLE\u015eMES\u0130<\/strong><\/p>\n<p><strong>\u00a0<\/strong>\u00a0\u00a0\u00a0\u00a0\u00a0\u00a0\u00a0\u00a0\u00a0\u00a0\u00a0 \u0130\u015fbu Ki\u015fisel Verilerin Korunmas\u0131na \u0130li\u015fkin Gizlilik S\u00f6zle\u015fmesi ANT KALIP SAN. VE T\u0130C. A.\u015e. (Ant Kal\u0131p olarak an\u0131lacakt\u0131r) ile <strong>KAR\u015eI \u015e\u0130RKET<\/strong> aras\u0131nda akdedilmi\u015ftir.\u00a0 \u0130\u015fbu s\u00f6zle\u015fme ile taraflar, birbirlerine aktard\u0131klar\u0131 ki\u015fisel verilerin Kanun\u2019a uygun olarak i\u015flenmesi ve korunmas\u0131 i\u00e7in gerekli tedbirlerin belirlenmesini ama\u00e7lamaktad\u0131rlar.<strong>\u00a0<\/strong><\/p>\n<p><strong><u>MADDE 1: TANIMLAR:<\/u><\/strong><\/p>\n<p>\u00a0\u00a0\u00a0\u00a0\u00a0\u00a0\u00a0\u00a0\u00a0\u00a0\u00a0 \u0130\u015fbu protokol kapsam\u0131nda;<\/p>\n<ul>\n<li>\u201cKanun\u201d, 6698 say\u0131l\u0131 Ki\u015fisel Verilerin Korunmas\u0131 Kanunu<\/li>\n<li>\u201cKi\u015fisel Veri\u201d, kimli\u011fi belirli veya belirlenebilir ger\u00e7ek ki\u015fiye ili\u015fkin her t\u00fcrl\u00fc bilgi,<\/li>\n<li>\u201c\u00d6zel Nitelikli Ki\u015fisel Veri\u201d, ki\u015filerin \u0131rk\u0131, etnik k\u00f6keni, siyasi d\u00fc\u015f\u00fcncesi, felsefi inanc\u0131, dini, mezhebi veya di\u011fer inan\u00e7lar\u0131, k\u0131l\u0131k ve k\u0131yafeti, dernek, vak\u0131f ya da sendika \u00fcyeli\u011fi, sa\u011fl\u0131\u011f\u0131, cinsel hayat\u0131, ceza mahkumiyeti ve g\u00fcvenlik tedbirleriyle ilgili verileri ile biyometrik ve genetik veriler<\/li>\n<li>\u201c\u0130\u015fleme\u201d, Ki\u015fisel verilerin tamamen veya k\u0131smen otomatik olan ya da herhangi bir veri kay\u0131t sisteminin par\u00e7as\u0131 olmak kayd\u0131yla otomatik olmayan yollarla elde edilmesi, kaydedilmesi, depolanmas\u0131, muhafaza edilmesi, de\u011fi\u015ftirilmesi, yeniden d\u00fczenlenmesi, a\u00e7\u0131klanmas\u0131, aktar\u0131lmas\u0131, devral\u0131nmas\u0131, elde edilebilir hale getirilmesi, s\u0131n\u0131fland\u0131r\u0131lmas\u0131 ya da kullan\u0131lmas\u0131n\u0131n engellenmesi gibi verileri \u00fczerinde ger\u00e7ekle\u015ftirilen her t\u00fcrl\u00fc i\u015flem,<\/li>\n<li>\u201cKi\u015fisel Verileri Koruma Kurulu\u201d; Kanun\u2019da kendisine sorumluluk atfedilen Kurul, anlam\u0131na gelmektedir.<\/li>\n<\/ul>\n<p><strong><u>MADDE 2: TRANSFER\u0130N DETAYLARI<\/u><\/strong><\/p>\n<p>Ki\u015fisel Veriler, taraflar aras\u0131nda s\u00f6zl\u00fc veya yaz\u0131l\u0131 olarak, elektronik ortamda ve sair \u015fekillerde aktar\u0131lm\u0131\u015ft\u0131r veya aktar\u0131labilecektir.<\/p>\n<p><strong><u>MADDE 3: AMA\u00c7LA SINIRLI KULLANIM<\/u><\/strong><\/p>\n<ol>\n<li>Ki\u015fisel veriler, m\u00fcnhas\u0131ran verilerin aktar\u0131lma amac\u0131na uygun olarak i\u015flenebilecektir. Ant Kal\u0131p taraf\u0131ndan aktar\u0131lan ki\u015fisel verilerin an\u0131lan kapsam d\u0131\u015f\u0131nda herhangi bir \u015fekilde i\u015flenmesi, Ant Kal\u0131p\u2019\u0131n konuya ili\u015fkin \u00f6n yaz\u0131l\u0131 onay\u0131na tabi olacakt\u0131r.<u>\u00a0<\/u><\/li>\n<\/ol>\n<ol start=\"2\">\n<li><strong>KAR\u015eI \u015e\u0130RKET<\/strong> ki\u015fisel veri i\u015fleme faaliyeti s\u0131ras\u0131nda ba\u015fta Kanun olmak \u00fczere t\u00fcm ilgili mevzuata uygun davranaca\u011f\u0131n\u0131 ve bu kapsamda kanuni olarak kendi sorumluluklar\u0131 alt\u0131nda kalan hususlar\u0131 eksiksiz \u015fekilde yerine getirece\u011fini kabul ve taahh\u00fct eder.<u>\u00a0<\/u><\/li>\n<\/ol>\n<ol start=\"3\">\n<li><strong>KAR\u015eI \u015e\u0130RKET<\/strong>, bu kapsamda ki\u015fisel verileri i\u015fleme ve payla\u015fma hususunda veri sahiplerini mevzuata uygun \u015fekilde ayd\u0131nlatt\u0131klar\u0131n\u0131 ve hukuken gerekli olan durumlarda a\u00e7\u0131k r\u0131zalar\u0131n\u0131 ald\u0131klar\u0131n\u0131 kabul, beyan ve taahh\u00fct ederler.<\/li>\n<\/ol>\n<p><strong><u>MADDE 4: HUKUK\u0130 SORUMLULUK<\/u><\/strong><strong><u>\u00a0<\/u><\/strong><\/p>\n<ol>\n<li>Taraflar, Kanun ve Kurul kararlar\u0131 ba\u015fta olmak \u00fczere, ki\u015fisel verilerin korunmas\u0131 ile ilgili y\u00fcr\u00fcrl\u00fckte bulunan t\u00fcm d\u00fczenlemelere, usul ve esaslara uygun davranmakla y\u00fck\u00fcml\u00fcd\u00fcr.<\/li>\n<\/ol>\n<ol start=\"2\">\n<li><strong>KAR\u015eI \u015e\u0130RKET<\/strong>, veri sahipleri taraf\u0131ndan kendisine iletilen ve Ant Kal\u0131p\u2019\u0131 ilgilendiren talepleri, en ge\u00e7 \u00fc\u00e7 g\u00fcn i\u00e7erisinde Ant Kal\u0131p\u2019a iletece\u011fini ve bu kapsamda Kanuna uygun hareket edece\u011fini taahh\u00fct eder.<\/li>\n<\/ol>\n<ol start=\"3\">\n<li><strong>KAR\u015eI \u015e\u0130RKET<\/strong>, veri g\u00fcvenli\u011finin sa\u011flanmas\u0131 i\u00e7in Kurul taraf\u0131ndan \u00f6nerilen ve veri g\u00fcvenli\u011fini sa\u011flamaya y\u00f6nelik her t\u00fcrl\u00fc teknik ve idari tedbiri almay\u0131 taahh\u00fct eder. <strong>KAR\u015eI \u015e\u0130RKET<\/strong>, \u00f6zel nitelikli ki\u015fisel verilerin aktar\u0131m\u0131 oldu\u011fu durumlarda, Kurul taraf\u0131ndan belirlenen ek g\u00fcvenlik \u00f6nlemlerini almak zorundad\u0131rlar.<\/li>\n<\/ol>\n<ol start=\"4\">\n<li>Taraflar, birbirlerinden ald\u0131\u011f\u0131 ki\u015fisel veriler hakk\u0131nda s\u00fcresiz s\u0131r saklama y\u00fck\u00fcml\u00fcl\u00fc\u011f\u00fcne tabidirler.<\/li>\n<\/ol>\n<ol start=\"5\">\n<li><strong>KAR\u015eI \u015e\u0130RKET<\/strong>, ki\u015fisel verilere herhangi bir \u015fekilde yetkisiz eri\u015fim ger\u00e7ekle\u015fmesi veya ki\u015fisel verilerin i\u015fbu gizlilik s\u00f6zle\u015fmesine ayk\u0131r\u0131 bir \u015fekilde \u00fc\u00e7\u00fcnc\u00fc ki\u015filer taraf\u0131ndan eri\u015filebilir hale gelmesi halinde, s\u00f6z konusu durum derhal Ant Kal\u0131p\u2019a bildireceklerdir.<\/li>\n<\/ol>\n<ol start=\"6\">\n<li><strong>KAR\u015eI \u015e\u0130RKET<\/strong>, i\u015fbu gizlilik s\u00f6zle\u015fmesinde \u00f6ng\u00f6r\u00fclen hususlarda personelini ve varsa alt y\u00fcklenicisini bilgilendirmekle y\u00fck\u00fcml\u00fcd\u00fcr. Bahsi ge\u00e7en personelin i\u015fbu gizlilik s\u00f6zle\u015fmesi veya mevzuatta yer alan d\u00fczenlemelere ayk\u0131r\u0131 davranmas\u0131 halinde olu\u015facak zararlardan <strong>KAR\u015eI \u015e\u0130RKET<\/strong> m\u00fc\u015fterek ve m\u00fcteselsilen sorumludur.<\/li>\n<\/ol>\n<p><strong><u>MADDE 5: TAZM\u0130NAT<\/u><\/strong>\u00a0\u00a0\u00a0\u00a0\u00a0\u00a0\u00a0\u00a0\u00a0\u00a0\u00a0<\/p>\n<ol>\n<li><strong>KAR\u015eI \u015e\u0130RKET<\/strong>\u2019in i\u015fbu gizlilik s\u00f6zle\u015fmesinden do\u011fan y\u00fck\u00fcml\u00fcl\u00fcklere ayk\u0131r\u0131 hareket etmesi sebebiyle Ant Kal\u0131p\u2019\u0131n zarara u\u011framas\u0131, yasal, idari veya cezai yapt\u0131r\u0131ma tabi tutulmas\u0131 ya da herhangi bir zarar\u0131 tazminle m\u00fckellef k\u0131l\u0131nmas\u0131 halinde, s\u00f6z konusu tutarlardan m\u00fcnhas\u0131ran <strong>KAR\u015eI \u015e\u0130RKET<\/strong><strong>\u00a0<\/strong><\/li>\n<\/ol>\n<p><strong>\u00a0<\/strong><\/p>\n<p><strong><u>MADDE 6: YETK\u0130L\u0130 MAHKEME<\/u><\/strong><\/p>\n<p><strong><u>\u00a0<\/u><\/strong><\/p>\n<ol>\n<li>\u0130\u015fbu s\u00f6zle\u015fmeden kaynaklanan veya i\u015fbu s\u00f6zle\u015fme ile ba\u011flant\u0131l\u0131 olan uyu\u015fmazl\u0131klar\u0131n \u00e7\u00f6z\u00fcm\u00fcnde \u0130stanbul Mahkemeleri ve \u0130cra Daireleri yetkilidir.<\/li>\n<\/ol>\n<p>\u00a0<\/p>\n<p>\u00a0<\/p>\n<p><strong>\u00a0\u00a0\u00a0\u00a0\u00a0\u00a0\u00a0\u00a0\u00a0\u00a0\u00a0\u00a0\u00a0\u00a0\u00a0\u00a0\u00a0\u00a0\u00a0\u00a0\u00a0\u00a0\u00a0 <\/strong>Ant Kal\u0131p<strong>\u00a0\u00a0\u00a0\u00a0\u00a0\u00a0\u00a0\u00a0\u00a0\u00a0\u00a0\u00a0\u00a0\u00a0\u00a0\u00a0\u00a0\u00a0\u00a0\u00a0\u00a0\u00a0\u00a0\u00a0\u00a0\u00a0\u00a0\u00a0\u00a0\u00a0\u00a0\u00a0\u00a0\u00a0\u00a0\u00a0\u00a0\u00a0\u00a0\u00a0\u00a0\u00a0\u00a0\u00a0\u00a0\u00a0\u00a0\u00a0\u00a0\u00a0\u00a0\u00a0\u00a0\u00a0 KAR\u015eI \u015e\u0130RKET<\/strong><\/p>\n<p><strong><u>\u00a0<\/u><\/strong><\/p>\n<p><strong><u>\u00a0<\/u><\/strong><\/p>\n<p><strong><u>\u00a0<\/u><\/strong><\/p>\n<\/div><\/div><\/div><style type=\"text\/css\">.fusion-body .fusion-builder-column-0{width:100% !important;margin-top : 0px;margin-bottom : 0px;}.fusion-builder-column-0 > .fusion-column-wrapper {padding-top : 0px !important;padding-right : 0px !important;margin-right : 1.92%;padding-bottom : 0px !important;padding-left : 0px !important;margin-left : 1.92%;}@media only screen and (max-width:1024px) {.fusion-body .fusion-builder-column-0{width:100% !important;}.fusion-builder-column-0 > .fusion-column-wrapper {margin-right : 1.92%;margin-left : 1.92%;}}@media only screen and (max-width:640px) {.fusion-body .fusion-builder-column-0{width:100% !important;}.fusion-builder-column-0 > .fusion-column-wrapper {margin-right : 1.92%;margin-left : 1.92%;}}<\/style><\/div><style type=\"text\/css\">.fusion-body .fusion-flex-container.fusion-builder-row-1{ padding-top : 0px;margin-top : 0px;padding-right : 0px;padding-bottom : 0px;margin-bottom : 0px;padding-left : 0px;}<\/style><\/div>","protected":false},"excerpt":{"rendered":"K\u0130\u015e\u0130SEL VER\u0130LER\u0130N KORUNMASINA \u0130L\u0130\u015eK\u0130N G\u0130ZL\u0130L\u0130K S\u00d6ZLE\u015eMES\u0130 \u00a0\u00a0\u00a0\u00a0\u00a0\u00a0\u00a0\u00a0\u00a0\u00a0\u00a0\u00a0 \u0130\u015fbu Ki\u015fisel Verilerin Korunmas\u0131na \u0130li\u015fkin Gizlilik S\u00f6zle\u015fmesi ANT KALIP SAN. VE T\u0130C. A.\u015e. (Ant Kal\u0131p olarak an\u0131lacakt\u0131r) ile KAR\u015eI \u015e\u0130RKET aras\u0131nda akdedilmi\u015ftir.\u00a0 \u0130\u015fbu s\u00f6zle\u015fme ile taraflar, birbirlerine aktard\u0131klar\u0131 ki\u015fisel verilerin Kanun\u2019a uygun olarak i\u015flenmesi ve korunmas\u0131 i\u00e7in gerekli tedbirlerin belirlenmesini ama\u00e7lamaktad\u0131rlar.\u00a0 MADDE 1: TANIMLAR: \u00a0\u00a0\u00a0\u00a0\u00a0\u00a0\u00a0\u00a0\u00a0\u00a0\u00a0 \u0130\u015fbu protokol kapsam\u0131nda; [...]","protected":false},"author":1,"featured_media":0,"parent":0,"menu_order":0,"comment_status":"closed","ping_status":"closed","template":"","meta":[],"_links":{"self":[{"href":"https:\/\/www.mg-group.com.tr\/index.php\/wp-json\/wp\/v2\/pages\/18530"}],"collection":[{"href":"https:\/\/www.mg-group.com.tr\/index.php\/wp-json\/wp\/v2\/pages"}],"about":[{"href":"https:\/\/www.mg-group.com.tr\/index.php\/wp-json\/wp\/v2\/types\/page"}],"author":[{"embeddable":true,"href":"https:\/\/www.mg-group.com.tr\/index.php\/wp-json\/wp\/v2\/users\/1"}],"replies":[{"embeddable":true,"href":"https:\/\/www.mg-group.com.tr\/index.php\/wp-json\/wp\/v2\/comments?post=18530"}],"version-history":[{"count":3,"href":"https:\/\/www.mg-group.com.tr\/index.php\/wp-json\/wp\/v2\/pages\/18530\/revisions"}],"predecessor-version":[{"id":18700,"href":"https:\/\/www.mg-group.com.tr\/index.php\/wp-json\/wp\/v2\/pages\/18530\/revisions\/18700"}],"wp:attachment":[{"href":"https:\/\/www.mg-group.com.tr\/index.php\/wp-json\/wp\/v2\/media?parent=18530"}],"curies":[{"name":"wp","href":"https:\/\/api.w.org\/{rel}","templated":true}]}}