{"id":125,"date":"2016-07-24T20:26:06","date_gmt":"2016-07-24T18:26:06","guid":{"rendered":"http:\/\/antkalip.birteknikel.net\/?page_id=125"},"modified":"2020-12-30T00:59:22","modified_gmt":"2020-12-29T22:59:22","slug":"hakkimizda","status":"publish","type":"page","link":"https:\/\/www.mg-group.com.tr\/index.php\/hakkimizda\/","title":{"rendered":"HAKKIMIZDA"},"content":{"rendered":"<div class=\"fusion-fullwidth fullwidth-box fusion-builder-row-1 fusion-flex-container nonhundred-percent-fullwidth non-hundred-percent-height-scrolling\" style=\"background-color: #ffffff;background-position: center center;background-repeat: no-repeat;border-width: 0px 0px 0px 0px;border-color:#eae9e9;border-style:solid;\" ><div class=\"fusion-builder-row fusion-row fusion-flex-align-items-flex-start\" style=\"max-width:1144px;margin-left: calc(-4% \/ 2 );margin-right: calc(-4% \/ 2 );\"><div class=\"fusion-layout-column fusion_builder_column fusion-builder-column-0 fusion_builder_column_1_1 1_1 fusion-flex-column\"><div class=\"fusion-column-wrapper fusion-flex-justify-content-flex-start fusion-content-layout-column\" style=\"background-position:left top;background-repeat:no-repeat;-webkit-background-size:cover;-moz-background-size:cover;-o-background-size:cover;background-size:cover;padding: 0px 0px 0px 0px;\"><div class=\"fusion-text fusion-text-1\" style=\"transform:translate3d(0,0,0);\"><p><img class=\"lazyload wp-image-17994 size-full alignleft\" src=\"data:image\/svg+xml,%3Csvg%20xmlns%3D%27http%3A%2F%2Fwww.w3.org%2F2000%2Fsvg%27%20width%3D%27459%27%20height%3D%27351%27%20viewBox%3D%270%200%20459%20351%27%3E%3Crect%20width%3D%27459%27%20height%3D%273351%27%20fill-opacity%3D%220%22%2F%3E%3C%2Fsvg%3E\" data-orig-src=\"https:\/\/www.mg-group.com.tr\/wp-content\/uploads\/2015\/09\/about-1.png\" width=\"459\" height=\"351\" \/><\/p>\n<p>Baca sekt\u00f6r\u00fcnde faaliyet g\u00f6steren ANT KALIP, 1958 y\u0131l\u0131nda metal ve plastik par\u00e7alar i\u00e7in kal\u0131p \u00fcretmek \u00fczere kurulmu\u015ftur . \u0130smini \u00e7al\u0131\u015fkanl\u0131\u011f\u0131 ve yard\u0131mla\u015fmas\u0131 ile bilinen kar\u0131ncadan alan ANT KALIP kurulu\u015fundan bug\u00fcne ayn\u0131 zamanda ismiyle uyumlu verdi\u011fi s\u00f6zleri tutmay\u0131 da ilke edinmi\u015ftir<br \/>\n\u00dclkede filizlenen otomotiv sekt\u00f6r\u00fcne 1965\u2019de ANT KALIP da dahil olmu\u015f, yan sanayi olarak \u201cOtoyol Iveco\u201d, \u201cFord Otosan\u201d, \u201cTofa\u015f\u201d, \u201cToyota\u201d, \u201cOtokar\u201d ve \u201cMercedes T\u00fcrk\u201d gibi firmalara \u00fcretim yapm\u0131\u015ft\u0131r. 1983 y\u0131l\u0131nda da beyaz e\u015fya sekt\u00f6r\u00fcne de yan sanayi olarak ad\u0131m atm\u0131\u015ft\u0131r.<br \/>\nGeli\u015fim , de\u011fi\u015fim ve kaliteye \u00f6nem veren ANT KALIP, beraber \u00e7al\u0131\u015ft\u0131\u011f\u0131 her firman\u0131n \u00e7\u00f6z\u00fcm orta\u011f\u0131 olmu\u015f b\u00f6ylece \u00f6nce m\u00fc\u015fteri ilkesini firma k\u00fclt\u00fcr\u00fcn\u00fcn bir par\u00e7as\u0131 haline getirmi\u015ftir.\u2019\u00d6NCE SORUNU \u00c7\u00d6Z SONRA MAL\u0130YET\u0130 KONU\u015e\u2019 yakla\u015f\u0131m\u0131 bir \u00e7ok firma ile uzun s\u00fcreli ili\u015fki sa\u011flam\u0131\u015ft\u0131r.<br \/>\n1998\u2019de baca \u00fcretimine ba\u015flayan ANT KALIP, k\u0131sa bir s\u00fcre i\u00e7inde bu sekt\u00f6rde yurt i\u00e7inde lider olmu\u015f ve bu dalda d\u00fcnya markas\u0131 Muelink &amp; Grol grupla ortakl\u0131k kurmu\u015ftur. 2007\u2019de ANT KALIP ile Muelink&amp; Grol aras\u0131nda ger\u00e7ekle\u015fen birle\u015fme ANT KALIP\u2019\u0131n yeni yat\u0131r\u0131m,m\u00fc\u015fteri ve ihracat pazar\u0131 ile y\u00fckseli\u015fini h\u0131zland\u0131rm\u0131\u015ft\u0131r.<br \/>\nANT KALIP cihaz imalat\u00e7\u0131s\u0131 \u00f6nder firmalar\u0131n en ba\u015far\u0131l\u0131 tedarik\u00e7i ve kalite \u00f6d\u00fcllerini alarak ba\u015far\u0131s\u0131n\u0131 tescillemi\u015ftir. 2006 y\u0131ll\u0131nda ilk ihracat\u0131n\u0131 yapan ANT KALIP, 2016 itibar\u0131yla 17 farkl\u0131 \u00fclkeye ihracat yapmaktad\u0131r.<br \/>\nYenilik\u00e7i anlay\u0131\u015f\u0131yla ANT KALIP halen tart\u0131\u015fmas\u0131z baca sekt\u00f6r\u00fcn\u00fcn \u00f6nc\u00fc firmalar\u0131ndand\u0131r.<br \/>\nANT KALIP geli\u015fen teknolojiye uyum sa\u011flamak i\u00e7in ara\u015ft\u0131rma ve geli\u015ftirmeye \u00f6nem vermekte ve gerekli yat\u0131r\u0131m\u0131 yapmaktad\u0131r.<br \/>\nHedefimiz D\u00fcnyada tan\u0131nan isim ve kalitemizi s\u00fcrekli k\u0131lmak , dinamik ,kararl\u0131 gen\u00e7 ekibimizle daha yukar\u0131 seviyelere ta\u015f\u0131makt\u0131r.<\/p>\n<\/div><\/div><\/div><style type=\"text\/css\">.fusion-body .fusion-builder-column-0{width:100% !important;margin-top : 0px;margin-bottom : 20px;}.fusion-builder-column-0 > .fusion-column-wrapper {padding-top : 0px !important;padding-right : 0px !important;margin-right : 1.92%;padding-bottom : 0px !important;padding-left : 0px !important;margin-left : 1.92%;}@media only screen and (max-width:1024px) {.fusion-body .fusion-builder-column-0{width:100% !important;}.fusion-builder-column-0 > .fusion-column-wrapper {margin-right : 1.92%;margin-left : 1.92%;}}@media only screen and (max-width:640px) {.fusion-body .fusion-builder-column-0{width:100% !important;}.fusion-builder-column-0 > .fusion-column-wrapper {margin-right : 1.92%;margin-left : 1.92%;}}<\/style><\/div><style type=\"text\/css\">.fusion-body .fusion-flex-container.fusion-builder-row-1{ padding-top : 20px;margin-top : 0px;padding-right : 0px;padding-bottom : 20px;margin-bottom : 0px;padding-left : 0px;}<\/style><\/div>\n","protected":false},"excerpt":{"rendered":"Baca sekt\u00f6r\u00fcnde faaliyet g\u00f6steren ANT KALIP, 1958 y\u0131l\u0131nda metal ve plastik par\u00e7alar i\u00e7in kal\u0131p \u00fcretmek \u00fczere kurulmu\u015ftur . \u0130smini \u00e7al\u0131\u015fkanl\u0131\u011f\u0131 ve yard\u0131mla\u015fmas\u0131 ile bilinen kar\u0131ncadan alan ANT KALIP kurulu\u015fundan bug\u00fcne ayn\u0131 zamanda ismiyle uyumlu verdi\u011fi s\u00f6zleri tutmay\u0131 da ilke edinmi\u015ftir \u00dclkede filizlenen otomotiv sekt\u00f6r\u00fcne 1965\u2019de ANT KALIP da dahil olmu\u015f, yan sanayi olarak \u201cOtoyol Iveco\u201d, [...]","protected":false},"author":1,"featured_media":0,"parent":0,"menu_order":0,"comment_status":"closed","ping_status":"closed","template":"","meta":[],"_links":{"self":[{"href":"https:\/\/www.mg-group.com.tr\/index.php\/wp-json\/wp\/v2\/pages\/125"}],"collection":[{"href":"https:\/\/www.mg-group.com.tr\/index.php\/wp-json\/wp\/v2\/pages"}],"about":[{"href":"https:\/\/www.mg-group.com.tr\/index.php\/wp-json\/wp\/v2\/types\/page"}],"author":[{"embeddable":true,"href":"https:\/\/www.mg-group.com.tr\/index.php\/wp-json\/wp\/v2\/users\/1"}],"replies":[{"embeddable":true,"href":"https:\/\/www.mg-group.com.tr\/index.php\/wp-json\/wp\/v2\/comments?post=125"}],"version-history":[{"count":5,"href":"https:\/\/www.mg-group.com.tr\/index.php\/wp-json\/wp\/v2\/pages\/125\/revisions"}],"predecessor-version":[{"id":18517,"href":"https:\/\/www.mg-group.com.tr\/index.php\/wp-json\/wp\/v2\/pages\/125\/revisions\/18517"}],"wp:attachment":[{"href":"https:\/\/www.mg-group.com.tr\/index.php\/wp-json\/wp\/v2\/media?parent=125"}],"curies":[{"name":"wp","href":"https:\/\/api.w.org\/{rel}","templated":true}]}}