{"id":116,"date":"2016-07-23T23:40:03","date_gmt":"2016-07-23T20:40:03","guid":{"rendered":"http:\/\/antkalip.birteknikel.net\/?page_id=116"},"modified":"2023-11-13T11:02:44","modified_gmt":"2023-11-13T08:02:44","slug":"116-2","status":"publish","type":"page","link":"https:\/\/www.mg-group.com.tr\/index.php\/116-2\/","title":{"rendered":"\u0130LET\u0130\u015e\u0130M"},"content":{"rendered":"<div class=\"fusion-fullwidth fullwidth-box fusion-builder-row-1 fusion-flex-container nonhundred-percent-fullwidth non-hundred-percent-height-scrolling\" style=\"background-color: #ffffff;background-position: center center;background-repeat: no-repeat;border-width: 0px 0px 0px 0px;border-color:#eae9e9;border-style:solid;\" ><div class=\"fusion-builder-row fusion-row fusion-flex-align-items-flex-start\" style=\"max-width:1144px;margin-left: calc(-4% \/ 2 );margin-right: calc(-4% \/ 2 );\"><div class=\"fusion-layout-column fusion_builder_column fusion-builder-column-0 fusion_builder_column_1_3 1_3 fusion-flex-column\"><div class=\"fusion-column-wrapper fusion-flex-justify-content-flex-start fusion-content-layout-column\" style=\"background-position:left top;background-repeat:no-repeat;-webkit-background-size:cover;-moz-background-size:cover;-o-background-size:cover;background-size:cover;padding: 0px 0px 0px 0px;\"><div class=\"fusion-text fusion-text-1\" style=\"transform:translate3d(0,0,0);\"><h2 class=\"widget-title\" data-fontsize=\"16\" data-lineheight=\"24\"><span style=\"color: #0c6ead;\"><strong>Adres<\/strong><\/span><\/h2>\n<div class=\"textwidget\">\n<p>Birlik Organize Sanayi B\u00f6lgesi Tem Yanyol<br \/>1. Cadde No:29, Posta K. 34953<br \/>Tuzla-Istanbul, Turkey<\/p>\n<div class=\"left\">\n<p>T: 0 216 593 24 30<br \/>F: 0 216 593 24 35<br \/>E: <a href=\"mailto:bilgi@mg-group.com\">bilgi@mg-group.com<\/a><\/p>\n<\/div>\n<\/div>\n<\/div><div class=\"fusion-text fusion-text-2\" style=\"transform:translate3d(0,0,0);\"><h2><strong><span style=\"color: #0c6ead;\">SOSYAL MEDYA<\/span><\/strong><\/h2>\n<\/div><div class=\"fusion-social-links\"><div class=\"fusion-social-networks boxed-icons\"><div class=\"fusion-social-networks-wrapper\"><a class=\"fusion-social-network-icon fusion-tooltip fusion-facebook fusion-icon-facebook\" style=\"color:#ffffff;font-size:16px;width: calc(16px + (2 * (8px)) + 2px);background-color:#0c6ead;border-color:#0c6ead;border-radius:4px;\" data-placement=\"left\" data-title=\"Facebook\" data-toggle=\"tooltip\" title=\"Facebook\" aria-label=\"facebook\" target=\"_self\" href=\"https:\/\/www.facebook.com\/antkalip\"><\/a><a class=\"fusion-social-network-icon fusion-tooltip fusion-linkedin fusion-icon-linkedin\" style=\"color:#ffffff;font-size:16px;width: calc(16px + (2 * (8px)) + 2px);background-color:#0c6ead;border-color:#0c6ead;border-radius:4px;\" data-placement=\"left\" data-title=\"LinkedIn\" data-toggle=\"tooltip\" title=\"LinkedIn\" aria-label=\"linkedin\" target=\"_self\" href=\"https:\/\/www.linkedin.com\/company\/4856781\"><\/a><a class=\"fusion-social-network-icon fusion-tooltip fusion-youtube fusion-icon-youtube\" style=\"color:#ffffff;font-size:16px;width: calc(16px + (2 * (8px)) + 2px);background-color:#0c6ead;border-color:#0c6ead;border-radius:4px;\" data-placement=\"left\" data-title=\"YouTube\" data-toggle=\"tooltip\" title=\"YouTube\" aria-label=\"youtube\" target=\"_self\" href=\"https:\/\/www.youtube.com\/watch?v=J0kkj2LvCpE\"><\/a><\/div><\/div><\/div><\/div><\/div><style type=\"text\/css\">.fusion-body .fusion-builder-column-0{width:33.333333333333% !important;margin-top : 0px;margin-bottom : 20px;}.fusion-builder-column-0 > .fusion-column-wrapper {padding-top : 0px !important;padding-right : 0px !important;margin-right : 5.76%;padding-bottom : 0px !important;padding-left : 0px !important;margin-left : 5.76%;}@media only screen and (max-width:1024px) {.fusion-body .fusion-builder-column-0{width:33.333333333333% !important;}.fusion-builder-column-0 > .fusion-column-wrapper {margin-right : 5.76%;margin-left : 5.76%;}}@media only screen and (max-width:640px) {.fusion-body .fusion-builder-column-0{width:100% !important;}.fusion-builder-column-0 > .fusion-column-wrapper {margin-right : 1.92%;margin-left : 1.92%;}}<\/style><div class=\"fusion-layout-column fusion_builder_column fusion-builder-column-1 fusion_builder_column_2_3 2_3 fusion-flex-column\"><div class=\"fusion-column-wrapper fusion-flex-justify-content-flex-start fusion-content-layout-column\" style=\"background-position:left top;background-repeat:no-repeat;-webkit-background-size:cover;-moz-background-size:cover;-o-background-size:cover;background-size:cover;padding: 0px 0px 0px 0px;\">\t\t\t\t\t<script type=\"text\/javascript\">\n\t\t\t\t\t\tvar map_fusion_map_69d26ba735191;\n\t\t\t\t\t\tvar markers = [];\n\t\t\t\t\t\tvar counter = 0;\n\t\t\t\t\t\t\t\t\t\t\t\t\t\t\t\t\t\t\t\tvar fusionMapNonce = 'dd1499e99a';\n\t\t\t\t\t\t\t\t\t\t\t\tfunction fusion_run_map_fusion_map_69d26ba735191() {\n\t\t\t\t\t\t\tjQuery('#fusion_map_69d26ba735191').fusion_maps({\n\t\t\t\t\t\t\t\taddresses: [{\"address\":\"40.880906,29.3997123\",\"infobox_content\":\"\",\"marker\":\"https:\\\/\\\/www.mg-group.com.tr\\\/wp-content\\\/plugins\\\/fusion-builder\\\/images\\\/avada_map_marker.png\",\"coordinates\":true,\"latitude\":\"40.880906\",\"longitude\":\"29.3997123\",\"cache\":true,\"geocoded_address\":\"40.880906,29.3997123\"}],\n\t\t\t\t\t\t\t\tanimations: true,\n\t\t\t\t\t\t\t\tinfobox_background_color: 'rgba(26, 128, 182, 0.8)',\n\t\t\t\t\t\t\t\tinfobox_styling: 'custom',\n\t\t\t\t\t\t\t\tinfobox_text_color: '#fff',\n\t\t\t\t\t\t\t\tmap_style: 'custom',\n\t\t\t\t\t\t\t\tmap_type: 'roadmap',\n\t\t\t\t\t\t\t\tmarker_icon: 'theme',\n\t\t\t\t\t\t\t\toverlay_color: '#1a80b6',\n\t\t\t\t\t\t\t\toverlay_color_hsl: {\"hue\":201,\"sat\":75,\"lum\":41},\n\t\t\t\t\t\t\t\tpan_control: true,\n\t\t\t\t\t\t\t\tshow_address: false,\n\t\t\t\t\t\t\t\tscale_control: true,\n\t\t\t\t\t\t\t\tscrollwheel: true,\n\t\t\t\t\t\t\t\tzoom: 14,\n\t\t\t\t\t\t\t\tzoom_control: true,\n\t\t\t\t\t\t\t});\n\t\t\t\t\t\t}\n\n\t\t\t\t\t\tgoogle.maps.event.addDomListener(window, 'load', fusion_run_map_fusion_map_69d26ba735191);\n\t\t\t\t\t<\/script>\n\t\t\t\t\t<div class=\"shortcode-map fusion-google-map fusion-maps-js-type\" id=\"fusion_map_69d26ba735191\" style=\"height:350px;width:100%;\"><\/div><\/div><\/div><style type=\"text\/css\">.fusion-body .fusion-builder-column-1{width:66.666666666667% !important;margin-top : 0px;margin-bottom : 20px;}.fusion-builder-column-1 > .fusion-column-wrapper {padding-top : 0px !important;padding-right : 0px !important;margin-right : 2.88%;padding-bottom : 0px !important;padding-left : 0px !important;margin-left : 2.88%;}@media only screen and (max-width:1024px) {.fusion-body .fusion-builder-column-1{width:66.666666666667% !important;}.fusion-builder-column-1 > .fusion-column-wrapper {margin-right : 2.88%;margin-left : 2.88%;}}@media only screen and (max-width:640px) {.fusion-body .fusion-builder-column-1{width:100% !important;}.fusion-builder-column-1 > .fusion-column-wrapper {margin-right : 1.92%;margin-left : 1.92%;}}<\/style><\/div><style type=\"text\/css\">.fusion-body .fusion-flex-container.fusion-builder-row-1{ padding-top : 20px;margin-top : 0px;padding-right : 0px;padding-bottom : 20px;margin-bottom : 0px;padding-left : 0px;}<\/style><\/div>\n","protected":false},"excerpt":{"rendered":"Adres Birlik Organize Sanayi B\u00f6lgesi Tem Yanyol1. Cadde No:29, Posta K. 34953Tuzla-Istanbul, Turkey T: 0 216 593 24 30F: 0 216 593 24 35E: bilgi@mg-group.com SOSYAL MEDYA","protected":false},"author":1,"featured_media":0,"parent":0,"menu_order":0,"comment_status":"closed","ping_status":"closed","template":"","meta":[],"_links":{"self":[{"href":"https:\/\/www.mg-group.com.tr\/index.php\/wp-json\/wp\/v2\/pages\/116"}],"collection":[{"href":"https:\/\/www.mg-group.com.tr\/index.php\/wp-json\/wp\/v2\/pages"}],"about":[{"href":"https:\/\/www.mg-group.com.tr\/index.php\/wp-json\/wp\/v2\/types\/page"}],"author":[{"embeddable":true,"href":"https:\/\/www.mg-group.com.tr\/index.php\/wp-json\/wp\/v2\/users\/1"}],"replies":[{"embeddable":true,"href":"https:\/\/www.mg-group.com.tr\/index.php\/wp-json\/wp\/v2\/comments?post=116"}],"version-history":[{"count":13,"href":"https:\/\/www.mg-group.com.tr\/index.php\/wp-json\/wp\/v2\/pages\/116\/revisions"}],"predecessor-version":[{"id":18891,"href":"https:\/\/www.mg-group.com.tr\/index.php\/wp-json\/wp\/v2\/pages\/116\/revisions\/18891"}],"wp:attachment":[{"href":"https:\/\/www.mg-group.com.tr\/index.php\/wp-json\/wp\/v2\/media?parent=116"}],"curies":[{"name":"wp","href":"https:\/\/api.w.org\/{rel}","templated":true}]}}