{"id":108,"date":"2016-07-23T20:43:36","date_gmt":"2016-07-23T20:43:36","guid":{"rendered":"http:\/\/antkalip.birteknikel.net\/?page_id=108"},"modified":"2020-12-30T01:05:18","modified_gmt":"2020-12-29T23:05:18","slug":"habeler","status":"publish","type":"page","link":"https:\/\/www.mg-group.com.tr\/index.php\/habeler\/","title":{"rendered":"HABELER"},"content":{"rendered":"<div class=\"fusion-fullwidth fullwidth-box fusion-builder-row-1 fusion-flex-container nonhundred-percent-fullwidth non-hundred-percent-height-scrolling\" style=\"background-color: #ffffff;background-position: center center;background-repeat: no-repeat;border-width: 0px 0px 0px 0px;border-color:#eae9e9;border-style:solid;\" ><div class=\"fusion-builder-row fusion-row fusion-flex-align-items-flex-start\" style=\"max-width:1144px;margin-left: calc(-4% \/ 2 );margin-right: calc(-4% \/ 2 );\"><div class=\"fusion-layout-column fusion_builder_column fusion-builder-column-0 fusion_builder_column_1_1 1_1 fusion-flex-column\"><div class=\"fusion-column-wrapper fusion-flex-justify-content-flex-start fusion-content-layout-column\" style=\"background-position:left top;background-repeat:no-repeat;-webkit-background-size:cover;-moz-background-size:cover;-o-background-size:cover;background-size:cover;padding: 0px 0px 0px 0px;\"><div class=\"fusion-blog-shortcode fusion-blog-shortcode-1 fusion-blog-archive fusion-blog-layout-grid-wrapper fusion-blog-no\"><style type=\"text\/css\">.fusion-blog-shortcode-1 .fusion-blog-layout-grid .fusion-post-grid{padding:5px;}.fusion-blog-shortcode-1 .fusion-posts-container{margin-left: -5px !important; margin-right:-5px !important;}<\/style><div class=\"fusion-posts-container fusion-posts-container-no fusion-no-meta-info fusion-blog-layout-grid fusion-blog-layout-grid-3 isotope\" data-pages=\"1\" data-grid-col-space=\"10\" style=\"margin: -5px -5px 0;min-height:500px;\"><article id=\"blog-1-post-18239\" class=\"fusion-post-grid post-18239 post type-post status-publish format-image has-post-thumbnail hentry category-haberler post_format-post-format-image\">\n<div class=\"fusion-post-wrapper\" style=\"background-color:rgba(255,255,255,0);border:1px solid #ebeaea;border-bottom-width:3px;\">\n\n\t\t\t<div class=\"fusion-flexslider flexslider fusion-flexslider-loading fusion-post-slideshow\" style=\"border-color:#ebeaea;\">\n\t\t<ul class=\"slides\">\n\t\t\t\n\t\t\t\t\t\t\t\t\t\t\t\t\t\t<li>\n\n<div  class=\"fusion-image-wrapper\" aria-haspopup=\"true\">\n\t\n\t\n\t\t\t\t\t<a href=\"https:\/\/www.mg-group.com.tr\/index.php\/2017\/03\/28\/valimiz-fabrikamizi-ziyaret-etti-2\/\" aria-label=\"Valimiz fabrikam\u0131z\u0131 ziyaret etti.\">\n\t\t\t\n\t\t\t\t\t<img width=\"700\" height=\"465\" src=\"data:image\/svg+xml,%3Csvg%20xmlns%3D%27http%3A%2F%2Fwww.w3.org%2F2000%2Fsvg%27%20width%3D%27700%27%20height%3D%27465%27%20viewBox%3D%270%200%20700%20465%27%3E%3Crect%20width%3D%27700%27%20height%3D%273465%27%20fill-opacity%3D%220%22%2F%3E%3C%2Fsvg%3E\" class=\"attachment-full size-full lazyload wp-post-image\" alt=\"\" data-orig-src=\"https:\/\/www.mg-group.com.tr\/wp-content\/uploads\/2016\/07\/valibey.jpg\" \/>\n\t\n\n\t\t<\/a>\n\n\t\n<\/div>\n<\/li>\n\t\t\t\n\t\t\t\n\t\t\t\t\t\t\t\t\t\t\t\t\t\t\t\t\t\t\t\t\t\t\t\t\t\t\t\t\t\t\t\t\t\t\t\t\t\t\t\t\t\t\t\t\t\t\t\t\t\t\t\t\t\t\t\t\t\t\t\t\t\t\t\t\t\t\t\t<\/ul>\n\t<\/div>\n\t<div class=\"fusion-post-content-wrapper\" style=\"padding:30px 25px 20px 25px;\"><div class=\"fusion-post-content post-content\"><h2 class=\"blog-shortcode-post-title entry-title\"><a href=\"https:\/\/www.mg-group.com.tr\/index.php\/2017\/03\/28\/valimiz-fabrikamizi-ziyaret-etti-2\/\">Valimiz fabrikam\u0131z\u0131 ziyaret etti.<\/a><\/h2><div class=\"fusion-post-content-container\"><p>\u0130stanbul Valisi Say\u0131n H\u00fcseyin Avni Mutlu 03\/02\/2011 tarihinde fabrikam\u0131z\u0131 ziyaret etmi\u015f ve incelemelerde bulunarak T\u00fcrk ekonomisine katk\u0131larm\u0131zdan dolay\u0131 te\u015fekkk\u00fcrlerini belirtmi\u015ftir.<\/p>\n<p>\u0130hracat\u0131m\u0131z\u0131 artt\u0131rmam\u0131z konusunda bizleri te\u015fvik eden Say\u0131n Valimize desteklerindendolay\u0131 te\u015fekk\u00fcrlerimizi sunar\u0131z.    <\/p>\n<\/div><\/div><\/div><div class=\"fusion-clearfix\"><\/div><\/div>\n<\/article>\n<article id=\"blog-1-post-18237\" class=\"fusion-post-grid post-18237 post type-post status-publish format-image has-post-thumbnail hentry category-haberler post_format-post-format-image\">\n<div class=\"fusion-post-wrapper\" style=\"background-color:rgba(255,255,255,0);border:1px solid #ebeaea;border-bottom-width:3px;\">\n\n\t\t\t<div class=\"fusion-flexslider flexslider fusion-flexslider-loading fusion-post-slideshow\" style=\"border-color:#ebeaea;\">\n\t\t<ul class=\"slides\">\n\t\t\t\n\t\t\t\t\t\t\t\t\t\t\t\t\t\t<li>\n\n<div  class=\"fusion-image-wrapper\" aria-haspopup=\"true\">\n\t\n\t\n\t\t\t\t\t<a href=\"https:\/\/www.mg-group.com.tr\/index.php\/2017\/03\/28\/mavi-yaka-egitimi\/\" aria-label=\"Mavi Yaka E\u011fitimi\">\n\t\t\t\n\t\t\t\t\t<img width=\"800\" height=\"530\" src=\"data:image\/svg+xml,%3Csvg%20xmlns%3D%27http%3A%2F%2Fwww.w3.org%2F2000%2Fsvg%27%20width%3D%27800%27%20height%3D%27530%27%20viewBox%3D%270%200%20800%20530%27%3E%3Crect%20width%3D%27800%27%20height%3D%273530%27%20fill-opacity%3D%220%22%2F%3E%3C%2Fsvg%3E\" class=\"attachment-full size-full lazyload wp-post-image\" alt=\"\" data-orig-src=\"https:\/\/www.mg-group.com.tr\/wp-content\/uploads\/2016\/07\/blue-collar-training.jpg\" \/>\n\t\n\n\t\t<\/a>\n\n\t\n<\/div>\n<\/li>\n\t\t\t\n\t\t\t\n\t\t\t\t\t\t\t\t\t\t\t\t\t\t\t\t\t\t\t\t\t\t\t\t\t\t\t\t\t\t\t\t\t\t\t\t\t\t\t\t\t\t\t\t\t\t\t\t\t\t\t\t\t\t\t\t\t\t\t\t\t\t\t\t\t\t\t\t<\/ul>\n\t<\/div>\n\t<div class=\"fusion-post-content-wrapper\" style=\"padding:30px 25px 20px 25px;\"><div class=\"fusion-post-content post-content\"><h2 class=\"blog-shortcode-post-title entry-title\"><a href=\"https:\/\/www.mg-group.com.tr\/index.php\/2017\/03\/28\/mavi-yaka-egitimi\/\">Mavi Yaka E\u011fitimi<\/a><\/h2><div class=\"fusion-post-content-container\"><p>Mavi Yaka E\u011fitimi ama\u00e7 olarak \u00e7al\u0131\u015fanlar\u0131n i\u015f ortam\u0131ndaki davran\u0131\u015flar\u0131n\u0131 ele alan bir e\u011fitimdir ancak Bu e\u011fitim sadece i\u015f odakl\u0131 de\u011fil, \u00e7al\u0131\u015fanlar\u0131m\u0131z\u0131n kendilerini her y\u00f6nden geli\u015ftirmeleri i\u00e7in d\u00fczenlenmi\u015ftir. E\u011fitimimizin ana ba\u015fl\u0131klar\u0131; \u201cFabrika ortam\u0131nda birbirimizi anlamak\u201d, \u201cTak\u0131m [\u2026]<\/p>\n<\/div><\/div><\/div><div class=\"fusion-clearfix\"><\/div><\/div>\n<\/article>\n<article id=\"blog-1-post-18236\" class=\"fusion-post-grid post-18236 post type-post status-publish format-image has-post-thumbnail hentry category-haberler post_format-post-format-image\">\n<div class=\"fusion-post-wrapper\" style=\"background-color:rgba(255,255,255,0);border:1px solid #ebeaea;border-bottom-width:3px;\">\n\n\t\t\t<div class=\"fusion-flexslider flexslider fusion-flexslider-loading fusion-post-slideshow\" style=\"border-color:#ebeaea;\">\n\t\t<ul class=\"slides\">\n\t\t\t\n\t\t\t\t\t\t\t\t\t\t\t\t\t\t<li>\n\n<div  class=\"fusion-image-wrapper\" aria-haspopup=\"true\">\n\t\n\t\n\t\t\t\t\t<a href=\"https:\/\/www.mg-group.com.tr\/index.php\/2017\/03\/28\/yilbasi-2015\/\" aria-label=\"Y\u0131lba\u015f\u0131 2015\">\n\t\t\t\n\t\t\t\t\t<img width=\"800\" height=\"532\" src=\"data:image\/svg+xml,%3Csvg%20xmlns%3D%27http%3A%2F%2Fwww.w3.org%2F2000%2Fsvg%27%20width%3D%27800%27%20height%3D%27532%27%20viewBox%3D%270%200%20800%20532%27%3E%3Crect%20width%3D%27800%27%20height%3D%273532%27%20fill-opacity%3D%220%22%2F%3E%3C%2Fsvg%3E\" class=\"attachment-full size-full lazyload wp-post-image\" alt=\"\" data-orig-src=\"https:\/\/www.mg-group.com.tr\/wp-content\/uploads\/2016\/07\/new-year-2015.jpg\" \/>\n\t\n\n\t\t<\/a>\n\n\t\n<\/div>\n<\/li>\n\t\t\t\n\t\t\t\n\t\t\t\t\t\t\t\t\t\t\t\t\t\t\t\t\t\t\t\t\t\t\t\t\t\t\t\t\t\t\t\t\t\t\t\t\t\t\t\t\t\t\t\t\t\t\t\t\t\t\t\t\t\t\t\t\t\t\t\t\t\t\t\t\t\t\t\t<\/ul>\n\t<\/div>\n\t<div class=\"fusion-post-content-wrapper\" style=\"padding:30px 25px 20px 25px;\"><div class=\"fusion-post-content post-content\"><h2 class=\"blog-shortcode-post-title entry-title\"><a href=\"https:\/\/www.mg-group.com.tr\/index.php\/2017\/03\/28\/yilbasi-2015\/\">Y\u0131lba\u015f\u0131 2015<\/a><\/h2><div class=\"fusion-post-content-container\"><p>Her sene oldu\u011fu gibi bu sene de ANT KALIP olarak y\u0131lba\u015f\u0131n\u0131 \u015firketimizde kutlad\u0131k. CEO\u2019muz \u015eakir \u0130\u015f\u00e7i\u2019nin konu\u015fmas\u0131yla ba\u015flayan etkinlik, uzun y\u0131llar bizimle \u00e7al\u0131\u015fanlara verilen hediyelerle devam etti. Daha sonra her \u00e7al\u0131\u015fana hediye olarak kitap da\u011f\u0131t\u0131ld\u0131 [\u2026]<\/p>\n<\/div><\/div><\/div><div class=\"fusion-clearfix\"><\/div><\/div>\n<\/article>\n<article id=\"blog-1-post-18235\" class=\"fusion-post-grid post-18235 post type-post status-publish format-image has-post-thumbnail hentry category-haberler post_format-post-format-image\">\n<div class=\"fusion-post-wrapper\" style=\"background-color:rgba(255,255,255,0);border:1px solid #ebeaea;border-bottom-width:3px;\">\n\n\t\t\t<div class=\"fusion-flexslider flexslider fusion-flexslider-loading fusion-post-slideshow\" style=\"border-color:#ebeaea;\">\n\t\t<ul class=\"slides\">\n\t\t\t\n\t\t\t\t\t\t\t\t\t\t\t\t\t\t<li>\n\n<div  class=\"fusion-image-wrapper\" aria-haspopup=\"true\">\n\t\n\t\n\t\t\t\t\t<a href=\"https:\/\/www.mg-group.com.tr\/index.php\/2017\/03\/28\/valimiz-fabrikamizi-ziyaret-etti\/\" aria-label=\"8 Mart D\u00fcnya Kad\u0131nlar G\u00fcn\u00fc Sunumu\">\n\t\t\t\n\t\t\t\t\t<img width=\"800\" height=\"600\" src=\"data:image\/svg+xml,%3Csvg%20xmlns%3D%27http%3A%2F%2Fwww.w3.org%2F2000%2Fsvg%27%20width%3D%27800%27%20height%3D%27600%27%20viewBox%3D%270%200%20800%20600%27%3E%3Crect%20width%3D%27800%27%20height%3D%273600%27%20fill-opacity%3D%220%22%2F%3E%3C%2Fsvg%3E\" class=\"attachment-full size-full lazyload wp-post-image\" alt=\"\" data-orig-src=\"https:\/\/www.mg-group.com.tr\/wp-content\/uploads\/2016\/07\/International-Womens-Day-Activity-ant-kalip-2014.jpg\" \/>\n\t\n\n\t\t<\/a>\n\n\t\n<\/div>\n<\/li>\n\t\t\t\n\t\t\t\n\t\t\t\t\t\t\t\t\t\t\t\t\t\t\t\t\t\t\t\t\t\t\t\t\t\t\t\t\t\t\t\t\t\t\t\t\t\t\t\t\t\t\t\t\t\t\t\t\t\t\t\t\t\t\t\t\t\t\t\t\t\t\t\t\t\t\t\t<\/ul>\n\t<\/div>\n\t<div class=\"fusion-post-content-wrapper\" style=\"padding:30px 25px 20px 25px;\"><div class=\"fusion-post-content post-content\"><h2 class=\"blog-shortcode-post-title entry-title\"><a href=\"https:\/\/www.mg-group.com.tr\/index.php\/2017\/03\/28\/valimiz-fabrikamizi-ziyaret-etti\/\">8 Mart D\u00fcnya Kad\u0131nlar G\u00fcn\u00fc Sunumu<\/a><\/h2><div class=\"fusion-post-content-container\"><p>Her y\u0131l oldu\u011fu gibi bu sene de 8 Mart Kad\u0131nlar g\u00fcn\u00fc i\u00e7in ANT KALIP\u2019ta etkinlik haz\u0131rlad\u0131k. Bu etkinlik CEO\u2019muz \u015eakir \u0130\u015f\u00e7i\u2019nin \u00e7al\u0131\u015fan kad\u0131nlar hakk\u0131nda yapt\u0131\u011f\u0131 konu\u015fmayla ba\u015flad\u0131. Daha sonra \u201cKad\u0131n Haklar\u0131\u201d konulu bir sunum yap\u0131ld\u0131. [\u2026]<\/p>\n<\/div><\/div><\/div><div class=\"fusion-clearfix\"><\/div><\/div>\n<\/article>\n<article id=\"blog-1-post-18234\" class=\"fusion-post-grid post-18234 post type-post status-publish format-image has-post-thumbnail hentry category-haberler post_format-post-format-image\">\n<div class=\"fusion-post-wrapper\" style=\"background-color:rgba(255,255,255,0);border:1px solid #ebeaea;border-bottom-width:3px;\">\n\n\t\t\t<div class=\"fusion-flexslider flexslider fusion-flexslider-loading fusion-post-slideshow\" style=\"border-color:#ebeaea;\">\n\t\t<ul class=\"slides\">\n\t\t\t\n\t\t\t\t\t\t\t\t\t\t\t\t\t\t<li>\n\n<div  class=\"fusion-image-wrapper\" aria-haspopup=\"true\">\n\t\n\t\n\t\t\t\t\t<a href=\"https:\/\/www.mg-group.com.tr\/index.php\/2017\/03\/28\/aquatherm-moscow-2015e-katiliyoruz\/\" aria-label=\"AquaTherm Moscow 2015\u2019e Kat\u0131l\u0131yoruz.\">\n\t\t\t\n\t\t\t\t\t<img width=\"700\" height=\"465\" src=\"data:image\/svg+xml,%3Csvg%20xmlns%3D%27http%3A%2F%2Fwww.w3.org%2F2000%2Fsvg%27%20width%3D%27700%27%20height%3D%27465%27%20viewBox%3D%270%200%20700%20465%27%3E%3Crect%20width%3D%27700%27%20height%3D%273465%27%20fill-opacity%3D%220%22%2F%3E%3C%2Fsvg%3E\" class=\"attachment-full size-full lazyload wp-post-image\" alt=\"\" data-orig-src=\"https:\/\/www.mg-group.com.tr\/wp-content\/uploads\/2016\/07\/moskfuar1.jpg\" \/>\n\t\n\n\t\t<\/a>\n\n\t\n<\/div>\n<\/li>\n\t\t\t\n\t\t\t\n\t\t\t\t\t\t\t\t\t\t\t\t\t\t\t\t\t\t\t\t\t\t\t\t\t\t\t\t\t\t\t\t\t\t\t\t\t\t\t\t\t\t\t\t\t\t\t\t\t\t\t\t\t\t\t\t\t\t\t\t\t\t\t\t\t\t\t\t<\/ul>\n\t<\/div>\n\t<div class=\"fusion-post-content-wrapper\" style=\"padding:30px 25px 20px 25px;\"><div class=\"fusion-post-content post-content\"><h2 class=\"blog-shortcode-post-title entry-title\"><a href=\"https:\/\/www.mg-group.com.tr\/index.php\/2017\/03\/28\/aquatherm-moscow-2015e-katiliyoruz\/\">AquaTherm Moscow 2015\u2019e Kat\u0131l\u0131yoruz.<\/a><\/h2><div class=\"fusion-post-content-container\"><p>ANT KALIP olarak bu y\u0131l AquaTherm Moskova\u2019ya kat\u0131laca\u011f\u0131z. Is\u0131tma, So\u011futma ve Havaland\u0131rma ile ilgili yap\u0131lan fuar, kombi sekt\u00f6r\u00fcn\u00fcn en \u00f6nemli fuarlar\u0131ndan biridir.<\/p>\n<p>Aquatherm Moskova bu sene 03-06 \u015eubat 2015 aras\u0131nda yap\u0131lacakt\u0131r ve ANT KALIP olarak bu [\u2026]<\/p>\n<\/div><\/div><\/div><div class=\"fusion-clearfix\"><\/div><\/div>\n<\/article>\n<article id=\"blog-1-post-18118\" class=\"fusion-post-grid post-18118 post type-post status-publish format-standard has-post-thumbnail hentry category-haberler\">\n<div class=\"fusion-post-wrapper\" style=\"background-color:rgba(255,255,255,0);border:1px solid #ebeaea;border-bottom-width:3px;\">\n\n\t\t\t<div class=\"fusion-flexslider flexslider fusion-flexslider-loading fusion-post-slideshow\" style=\"border-color:#ebeaea;\">\n\t\t<ul class=\"slides\">\n\t\t\t\n\t\t\t\t\t\t\t\t\t\t\t\t\t\t<li>\n\n<div  class=\"fusion-image-wrapper\" aria-haspopup=\"true\">\n\t\n\t\n\t\t\t\t\t<a href=\"https:\/\/www.mg-group.com.tr\/index.php\/2016\/12\/30\/2016-sodex-fuari\/\" aria-label=\"2016- Sodex Fuar\u0131\">\n\t\t\t\n\t\t\t\t\t<img width=\"800\" height=\"450\" src=\"data:image\/svg+xml,%3Csvg%20xmlns%3D%27http%3A%2F%2Fwww.w3.org%2F2000%2Fsvg%27%20width%3D%27800%27%20height%3D%27450%27%20viewBox%3D%270%200%20800%20450%27%3E%3Crect%20width%3D%27800%27%20height%3D%273450%27%20fill-opacity%3D%220%22%2F%3E%3C%2Fsvg%3E\" class=\"attachment-full size-full lazyload wp-post-image\" alt=\"\" data-orig-src=\"https:\/\/www.mg-group.com.tr\/wp-content\/uploads\/2016\/07\/sodex1.jpg\" \/>\n\t\n\n\t\t<\/a>\n\n\t\n<\/div>\n<\/li>\n\t\t\t\n\t\t\t\n\t\t\t\t\t\t\t\t\t\t\t\t\t\t\t\t\t\t\t\t\t\t\t\t\t\t\t\t\t\t\t\t\t\t\t\t\t\t\t\t\t\t\t\t\t\t\t\t\t\t\t\t\t\t\t\t\t\t\t\t\t\t\t\t\t\t\t\t<\/ul>\n\t<\/div>\n\t<div class=\"fusion-post-content-wrapper\" style=\"padding:30px 25px 20px 25px;\"><div class=\"fusion-post-content post-content\"><h2 class=\"blog-shortcode-post-title entry-title\"><a href=\"https:\/\/www.mg-group.com.tr\/index.php\/2016\/12\/30\/2016-sodex-fuari\/\">2016- Sodex Fuar\u0131<\/a><\/h2><div class=\"fusion-post-content-container\"><div class=\"fusion-fullwidth fullwidth-box nonhundred-percent-fullwidth\" style=\"background-color: #ffffff;padding-top:20px;padding-right:0px;padding-bottom:20px;padding-left:0px\">\n<div class=\"fusion-builder-row fusion-row \">\n<div class=\"fusion-layout-column fusion_builder_column fusion_builder_column_1_1  fusion-one-full fusion-column-first fusion-column-last 1_1\" style=\"margin-top:0px;margin-bottom:20px\">\n<div class=\"fusion-column-wrapper\">\n<p>\u0130stanbul Valisi Say\u0131n H\u00fcseyin Avni Mutlu 03\/02\/2011 tarihinde fabrikam\u0131z\u0131 ziyaret etmi\u015f ve incelemelerde bulunarak T\u00fcrk ekonomisine katk\u0131larm\u0131zdan [\u2026]<\/p>\n<\/div><\/div><\/div><\/div><\/div><\/div><\/div><div class=\"fusion-clearfix\"><\/div><\/div>\n<\/article>\n<div class=\"fusion-clearfix\"><\/div><\/div><\/div><\/div><\/div><style type=\"text\/css\">.fusion-body .fusion-builder-column-0{width:100% !important;margin-top : 0px;margin-bottom : 20px;}.fusion-builder-column-0 > .fusion-column-wrapper {padding-top : 0px !important;padding-right : 0px !important;margin-right : 1.92%;padding-bottom : 0px !important;padding-left : 0px !important;margin-left : 1.92%;}@media only screen and (max-width:1024px) {.fusion-body .fusion-builder-column-0{width:100% !important;}.fusion-builder-column-0 > .fusion-column-wrapper {margin-right : 1.92%;margin-left : 1.92%;}}@media only screen and (max-width:640px) {.fusion-body .fusion-builder-column-0{width:100% !important;}.fusion-builder-column-0 > .fusion-column-wrapper {margin-right : 1.92%;margin-left : 1.92%;}}<\/style><\/div><style type=\"text\/css\">.fusion-body .fusion-flex-container.fusion-builder-row-1{ padding-top : 20px;margin-top : 0px;padding-right : 0px;padding-bottom : 20px;margin-bottom : 0px;padding-left : 0px;}<\/style><\/div>\n","protected":false},"excerpt":{"rendered":"\u0130stanbul Valisi Say\u0131n H\u00fcseyin Avni Mutlu 03\/02\/2011 tarihinde fabrikam\u0131z\u0131 ziyaret etmi\u015f ve incelemelerde bulunarak T\u00fcrk ekonomisine katk\u0131larm\u0131zdan dolay\u0131 te\u015fekkk\u00fcrlerini belirtmi\u015ftir website link.\u0130hracat\u0131m\u0131z\u0131 artt\u0131rmam\u0131z konusunda bizleri te\u015fvik eden Say\u0131n Valimize desteklerinden dolay\u0131 te\u015fekk\u00fcrlerimizi sunar\u0131z.The Lego Batman Movie (2017)","protected":false},"author":1,"featured_media":0,"parent":0,"menu_order":0,"comment_status":"closed","ping_status":"closed","template":"100-width.php","meta":[],"_links":{"self":[{"href":"https:\/\/www.mg-group.com.tr\/index.php\/wp-json\/wp\/v2\/pages\/108"}],"collection":[{"href":"https:\/\/www.mg-group.com.tr\/index.php\/wp-json\/wp\/v2\/pages"}],"about":[{"href":"https:\/\/www.mg-group.com.tr\/index.php\/wp-json\/wp\/v2\/types\/page"}],"author":[{"embeddable":true,"href":"https:\/\/www.mg-group.com.tr\/index.php\/wp-json\/wp\/v2\/users\/1"}],"replies":[{"embeddable":true,"href":"https:\/\/www.mg-group.com.tr\/index.php\/wp-json\/wp\/v2\/comments?post=108"}],"version-history":[{"count":13,"href":"https:\/\/www.mg-group.com.tr\/index.php\/wp-json\/wp\/v2\/pages\/108\/revisions"}],"predecessor-version":[{"id":18698,"href":"https:\/\/www.mg-group.com.tr\/index.php\/wp-json\/wp\/v2\/pages\/108\/revisions\/18698"}],"wp:attachment":[{"href":"https:\/\/www.mg-group.com.tr\/index.php\/wp-json\/wp\/v2\/media?parent=108"}],"curies":[{"name":"wp","href":"https:\/\/api.w.org\/{rel}","templated":true}]}}